{"id":7352,"date":"2025-12-10T15:18:56","date_gmt":"2025-12-10T15:18:56","guid":{"rendered":"https:\/\/oosandbox.bw.tech\/?page_id=7352"},"modified":"2025-12-11T07:57:00","modified_gmt":"2025-12-11T07:57:00","slug":"impressum","status":"publish","type":"page","link":"https:\/\/owncloud.online\/de\/impressum\/","title":{"rendered":"Impressum"},"content":{"rendered":"\t\t<div data-elementor-type=\"wp-page\" data-elementor-id=\"7352\" class=\"elementor elementor-7352 elementor-7344\" data-elementor-post-type=\"page\">\n\t\t\t\t<div class=\"elementor-element elementor-element-ce31194 e-flex e-con-boxed e-con e-parent\" data-id=\"ce31194\" data-element_type=\"container\" data-e-type=\"container\">\n\t\t\t\t\t<div class=\"e-con-inner\">\n\t\t\t\t<div class=\"elementor-element elementor-element-f454b79 elementor-widget elementor-widget-heading\" data-id=\"f454b79\" data-element_type=\"widget\" data-e-type=\"widget\" data-widget_type=\"heading.default\">\n\t\t\t\t<div class=\"elementor-widget-container\">\n\t\t\t\t\t<h2 class=\"elementor-heading-title elementor-size-default\">Impressum<\/h2>\t\t\t\t<\/div>\n\t\t\t\t<\/div>\n\t\t<div class=\"elementor-element elementor-element-2d98c5e e-con-full e-flex e-con e-child\" data-id=\"2d98c5e\" data-element_type=\"container\" data-e-type=\"container\">\n\t\t<div class=\"elementor-element elementor-element-c4946e8 e-con-full e-flex e-con e-child\" data-id=\"c4946e8\" data-element_type=\"container\" data-e-type=\"container\">\n\t\t\t\t<div class=\"elementor-element elementor-element-597820c elementor-widget elementor-widget-text-editor\" data-id=\"597820c\" data-element_type=\"widget\" data-e-type=\"widget\" data-widget_type=\"text-editor.default\">\n\t\t\t\t<div class=\"elementor-widget-container\">\n\t\t\t\t\t\t\t\t\t<p><strong>Informationen nach \u00a7 5 TMG<\/strong><\/p><p>BW-Tech GmbH IT-Service f\u00fcr Systemintegration und Datensicherheit<br \/>Albert-Bassermann-Stra\u00dfe 31<br \/>68782 Br\u00fchl<br \/>Deutschland<\/p><p class=\"has-text-align-left\"><strong>Kontakt<\/strong><br \/>Telefon: +49 6202 95323 00<br \/>Fax: +49 6202 95323 99<br \/>E-Mail: info@bw.tech<br \/>Web:\u00a0<a href=\"https:\/\/bw.tech\/\">https:\/\/BW.Tech<\/a><\/p>\t\t\t\t\t\t\t\t<\/div>\n\t\t\t\t<\/div>\n\t\t\t\t<\/div>\n\t\t<div class=\"elementor-element elementor-element-4aa1a67 e-con-full e-flex e-con e-child\" data-id=\"4aa1a67\" data-element_type=\"container\" data-e-type=\"container\">\n\t\t\t\t<div class=\"elementor-element elementor-element-60453ae elementor-widget elementor-widget-text-editor\" data-id=\"60453ae\" data-element_type=\"widget\" data-e-type=\"widget\" data-widget_type=\"text-editor.default\">\n\t\t\t\t<div class=\"elementor-widget-container\">\n\t\t\t\t\t\t\t\t\t<p style=\"margin-bottom: 20px; color: #464d6a; font-family: 'Open Sans', 'Helvetica Neue', Helvetica, Arial, sans-serif;\"><span style=\"font-weight: bolder;\">Redaktionelle Verantwortung<\/span><br \/>Frank Boettcher, Thomas Wuckel<\/p><p style=\"margin-top: 20px; margin-bottom: 20px; color: #464d6a; font-family: 'Open Sans', 'Helvetica Neue', Helvetica, Arial, sans-serif;\"><span style=\"font-weight: bolder;\">Register<\/span><br \/>Handelsregister: HRB704981<br \/>Registergericht: Amtsgericht Mannheim<\/p><p style=\"margin-top: 20px; margin-bottom: 20px; color: #464d6a; font-family: 'Open Sans', 'Helvetica Neue', Helvetica, Arial, sans-serif;\"><span style=\"font-weight: bolder;\">Umsatzsteuer-ID<\/span><br \/>Umsatzsteuer-Identifikationsnummer gem\u00e4\u00df \u00a7 27 a Umsatzsteuergesetz:<br \/>DE261314735<\/p>\t\t\t\t\t\t\t\t<\/div>\n\t\t\t\t<\/div>\n\t\t\t\t<\/div>\n\t\t\t\t<\/div>\n\t\t\t\t\t<\/div>\n\t\t\t\t<\/div>\n\t\t<div class=\"elementor-element elementor-element-03104f2 e-flex e-con-boxed e-con e-parent\" data-id=\"03104f2\" data-element_type=\"container\" data-e-type=\"container\">\n\t\t\t\t\t<div class=\"e-con-inner\">\n\t\t\t\t<div class=\"elementor-element elementor-element-55ab8fb elementor-widget elementor-widget-heading\" data-id=\"55ab8fb\" data-element_type=\"widget\" data-e-type=\"widget\" data-widget_type=\"heading.default\">\n\t\t\t\t<div class=\"elementor-widget-container\">\n\t\t\t\t\t<h2 class=\"elementor-heading-title elementor-size-default\">Verbraucherstreitbeilegung\/Universelle Schlichtungsstelle\n<\/h2>\t\t\t\t<\/div>\n\t\t\t\t<\/div>\n\t\t\t\t<div class=\"elementor-element elementor-element-f763474 elementor-widget elementor-widget-text-editor\" data-id=\"f763474\" data-element_type=\"widget\" data-e-type=\"widget\" data-widget_type=\"text-editor.default\">\n\t\t\t\t<div class=\"elementor-widget-container\">\n\t\t\t\t\t\t\t\t\t<article><section class=\"uk-container uk-padding-large-top uk-padding-large-bottom uk-section\"><article><section class=\"uk-container uk-padding-large-top uk-padding-large-bottom uk-section\">Wir sind nicht bereit oder verpflichtet, an einem Streitbeilegungsverfahren vor einer Verbraucherschlichtungsstelle teilzunehmen.<\/section><\/article><\/section><\/article>\t\t\t\t\t\t\t\t<\/div>\n\t\t\t\t<\/div>\n\t\t\t\t\t<\/div>\n\t\t\t\t<\/div>\n\t\t\t\t<\/div>\n\t\t","protected":false},"excerpt":{"rendered":"<p>Impressum Informationen nach \u00a7 5 TMG BW-Tech GmbH IT-Service f\u00fcr Systemintegration und DatensicherheitAlbert-Bassermann-Stra\u00dfe 3168782 Br\u00fchlDeutschland KontaktTelefon: +49 6202 95323 00Fax: +49 6202 95323 99E-Mail: info@bw.techWeb:\u00a0https:\/\/BW.Tech Redaktionelle VerantwortungFrank Boettcher, Thomas Wuckel RegisterHandelsregister: HRB704981Registergericht: Amtsgericht Mannheim Umsatzsteuer-IDUmsatzsteuer-Identifikationsnummer gem\u00e4\u00df \u00a7 27 a Umsatzsteuergesetz:DE261314735 Verbraucherstreitbeilegung\/Universelle Schlichtungsstelle Wir sind nicht bereit oder verpflichtet, an einem Streitbeilegungsverfahren vor einer Verbraucherschlichtungsstelle teilzunehmen.<\/p>\n","protected":false},"author":6,"featured_media":0,"parent":0,"menu_order":0,"comment_status":"closed","ping_status":"closed","template":"","meta":{"_acf_changed":false,"footnotes":""},"class_list":["post-7352","page","type-page","status-publish","hentry"],"acf":[],"yoast_head":"<!-- This site is optimized with the Yoast SEO plugin v27.2 - https:\/\/yoast.com\/product\/yoast-seo-wordpress\/ -->\n<title>Impressum - Cloud Storage made to trust - ownCloud.online<\/title>\n<meta name=\"description\" content=\"Ende-zu-Ende-Verschl\u00fcsseltes Teilen und Synchronisieren von Dateien. Sicherer Cloud-Storage f\u00fcr Ihr Unternehmen. Jetzt 30 Tage kostenlos testen!\" \/>\n<meta name=\"robots\" content=\"index, follow, max-snippet:-1, max-image-preview:large, max-video-preview:-1\" \/>\n<link rel=\"canonical\" href=\"https:\/\/owncloud.online\/de\/impressum\/\" \/>\n<meta property=\"og:locale\" content=\"de_DE\" \/>\n<meta property=\"og:type\" content=\"article\" \/>\n<meta property=\"og:title\" content=\"Impressum - Cloud Storage made to trust - ownCloud.online\" \/>\n<meta property=\"og:description\" content=\"Ende-zu-Ende-Verschl\u00fcsseltes Teilen und Synchronisieren von Dateien. Sicherer Cloud-Storage f\u00fcr Ihr Unternehmen. Jetzt 30 Tage kostenlos testen!\" \/>\n<meta property=\"og:url\" content=\"https:\/\/owncloud.online\/de\/impressum\/\" \/>\n<meta property=\"og:site_name\" content=\"Cloud Storage made to trust - ownCloud.online\" \/>\n<meta property=\"article:modified_time\" content=\"2025-12-11T07:57:00+00:00\" \/>\n<meta name=\"twitter:card\" content=\"summary_large_image\" \/>\n<meta name=\"twitter:label1\" content=\"Gesch\u00e4tzte Lesezeit\" \/>\n\t<meta name=\"twitter:data1\" content=\"1\u00a0Minute\" \/>\n<script type=\"application\/ld+json\" class=\"yoast-schema-graph\">{\"@context\":\"https:\/\/schema.org\",\"@graph\":[{\"@type\":\"WebPage\",\"@id\":\"https:\/\/owncloud.online\/de\/impressum\/\",\"url\":\"https:\/\/owncloud.online\/de\/impressum\/\",\"name\":\"Impressum - Cloud Storage made to trust - ownCloud.online\",\"isPartOf\":{\"@id\":\"https:\/\/owncloud.online\/de\/#website\"},\"datePublished\":\"2025-12-10T15:18:56+00:00\",\"dateModified\":\"2025-12-11T07:57:00+00:00\",\"description\":\"Ende-zu-Ende-Verschl\u00fcsseltes Teilen und Synchronisieren von Dateien. Sicherer Cloud-Storage f\u00fcr Ihr Unternehmen. Jetzt 30 Tage kostenlos testen!\",\"breadcrumb\":{\"@id\":\"https:\/\/owncloud.online\/de\/impressum\/#breadcrumb\"},\"inLanguage\":\"de\",\"potentialAction\":[{\"@type\":\"ReadAction\",\"target\":[\"https:\/\/owncloud.online\/de\/impressum\/\"]}]},{\"@type\":\"BreadcrumbList\",\"@id\":\"https:\/\/owncloud.online\/de\/impressum\/#breadcrumb\",\"itemListElement\":[{\"@type\":\"ListItem\",\"position\":1,\"name\":\"Home\",\"item\":\"https:\/\/owncloud.online\/de\/\"},{\"@type\":\"ListItem\",\"position\":2,\"name\":\"Impressum\"}]},{\"@type\":\"WebSite\",\"@id\":\"https:\/\/owncloud.online\/de\/#website\",\"url\":\"https:\/\/owncloud.online\/de\/\",\"name\":\"Cloud Storage made to trust - ownCloud.online\",\"description\":\"Easy As I know it - Safe as never before\",\"publisher\":{\"@id\":\"https:\/\/owncloud.online\/de\/#organization\"},\"potentialAction\":[{\"@type\":\"SearchAction\",\"target\":{\"@type\":\"EntryPoint\",\"urlTemplate\":\"https:\/\/owncloud.online\/de\/?s={search_term_string}\"},\"query-input\":{\"@type\":\"PropertyValueSpecification\",\"valueRequired\":true,\"valueName\":\"search_term_string\"}}],\"inLanguage\":\"de\"},{\"@type\":\"Organization\",\"@id\":\"https:\/\/owncloud.online\/de\/#organization\",\"name\":\"Cloud Storage made to trust - ownCloud.online\",\"url\":\"https:\/\/owncloud.online\/de\/\",\"logo\":{\"@type\":\"ImageObject\",\"inLanguage\":\"de\",\"@id\":\"https:\/\/owncloud.online\/de\/#\/schema\/logo\/image\/\",\"url\":\"https:\/\/owncloud.online\/wp-content\/uploads\/2023\/08\/logo-ownCloud-online.svg\",\"contentUrl\":\"https:\/\/owncloud.online\/wp-content\/uploads\/2023\/08\/logo-ownCloud-online.svg\",\"caption\":\"Cloud Storage made to trust - ownCloud.online\"},\"image\":{\"@id\":\"https:\/\/owncloud.online\/de\/#\/schema\/logo\/image\/\"}}]}<\/script>\n<!-- \/ Yoast SEO plugin. -->","yoast_head_json":{"title":"Impressum - Cloud Storage made to trust - ownCloud.online","description":"Ende-zu-Ende-Verschl\u00fcsseltes Teilen und Synchronisieren von Dateien. Sicherer Cloud-Storage f\u00fcr Ihr Unternehmen. Jetzt 30 Tage kostenlos testen!","robots":{"index":"index","follow":"follow","max-snippet":"max-snippet:-1","max-image-preview":"max-image-preview:large","max-video-preview":"max-video-preview:-1"},"canonical":"https:\/\/owncloud.online\/de\/impressum\/","og_locale":"de_DE","og_type":"article","og_title":"Impressum - Cloud Storage made to trust - ownCloud.online","og_description":"Ende-zu-Ende-Verschl\u00fcsseltes Teilen und Synchronisieren von Dateien. Sicherer Cloud-Storage f\u00fcr Ihr Unternehmen. Jetzt 30 Tage kostenlos testen!","og_url":"https:\/\/owncloud.online\/de\/impressum\/","og_site_name":"Cloud Storage made to trust - ownCloud.online","article_modified_time":"2025-12-11T07:57:00+00:00","twitter_card":"summary_large_image","twitter_misc":{"Gesch\u00e4tzte Lesezeit":"1\u00a0Minute"},"schema":{"@context":"https:\/\/schema.org","@graph":[{"@type":"WebPage","@id":"https:\/\/owncloud.online\/de\/impressum\/","url":"https:\/\/owncloud.online\/de\/impressum\/","name":"Impressum - Cloud Storage made to trust - ownCloud.online","isPartOf":{"@id":"https:\/\/owncloud.online\/de\/#website"},"datePublished":"2025-12-10T15:18:56+00:00","dateModified":"2025-12-11T07:57:00+00:00","description":"Ende-zu-Ende-Verschl\u00fcsseltes Teilen und Synchronisieren von Dateien. Sicherer Cloud-Storage f\u00fcr Ihr Unternehmen. Jetzt 30 Tage kostenlos testen!","breadcrumb":{"@id":"https:\/\/owncloud.online\/de\/impressum\/#breadcrumb"},"inLanguage":"de","potentialAction":[{"@type":"ReadAction","target":["https:\/\/owncloud.online\/de\/impressum\/"]}]},{"@type":"BreadcrumbList","@id":"https:\/\/owncloud.online\/de\/impressum\/#breadcrumb","itemListElement":[{"@type":"ListItem","position":1,"name":"Home","item":"https:\/\/owncloud.online\/de\/"},{"@type":"ListItem","position":2,"name":"Impressum"}]},{"@type":"WebSite","@id":"https:\/\/owncloud.online\/de\/#website","url":"https:\/\/owncloud.online\/de\/","name":"Cloud Storage made to trust - ownCloud.online","description":"Easy As I know it - Safe as never before","publisher":{"@id":"https:\/\/owncloud.online\/de\/#organization"},"potentialAction":[{"@type":"SearchAction","target":{"@type":"EntryPoint","urlTemplate":"https:\/\/owncloud.online\/de\/?s={search_term_string}"},"query-input":{"@type":"PropertyValueSpecification","valueRequired":true,"valueName":"search_term_string"}}],"inLanguage":"de"},{"@type":"Organization","@id":"https:\/\/owncloud.online\/de\/#organization","name":"Cloud Storage made to trust - ownCloud.online","url":"https:\/\/owncloud.online\/de\/","logo":{"@type":"ImageObject","inLanguage":"de","@id":"https:\/\/owncloud.online\/de\/#\/schema\/logo\/image\/","url":"https:\/\/owncloud.online\/wp-content\/uploads\/2023\/08\/logo-ownCloud-online.svg","contentUrl":"https:\/\/owncloud.online\/wp-content\/uploads\/2023\/08\/logo-ownCloud-online.svg","caption":"Cloud Storage made to trust - ownCloud.online"},"image":{"@id":"https:\/\/owncloud.online\/de\/#\/schema\/logo\/image\/"}}]}},"_links":{"self":[{"href":"https:\/\/owncloud.online\/de\/wp-json\/wp\/v2\/pages\/7352","targetHints":{"allow":["GET"]}}],"collection":[{"href":"https:\/\/owncloud.online\/de\/wp-json\/wp\/v2\/pages"}],"about":[{"href":"https:\/\/owncloud.online\/de\/wp-json\/wp\/v2\/types\/page"}],"author":[{"embeddable":true,"href":"https:\/\/owncloud.online\/de\/wp-json\/wp\/v2\/users\/6"}],"replies":[{"embeddable":true,"href":"https:\/\/owncloud.online\/de\/wp-json\/wp\/v2\/comments?post=7352"}],"version-history":[{"count":14,"href":"https:\/\/owncloud.online\/de\/wp-json\/wp\/v2\/pages\/7352\/revisions"}],"predecessor-version":[{"id":7399,"href":"https:\/\/owncloud.online\/de\/wp-json\/wp\/v2\/pages\/7352\/revisions\/7399"}],"wp:attachment":[{"href":"https:\/\/owncloud.online\/de\/wp-json\/wp\/v2\/media?parent=7352"}],"curies":[{"name":"wp","href":"https:\/\/api.w.org\/{rel}","templated":true}]}}