{"id":4245,"date":"2023-08-07T07:36:27","date_gmt":"2023-08-07T07:36:27","guid":{"rendered":"https:\/\/oosandbox.bw.tech\/features\/"},"modified":"2026-02-23T14:37:33","modified_gmt":"2026-02-23T14:37:33","slug":"features","status":"publish","type":"page","link":"https:\/\/owncloud.online\/de\/features\/","title":{"rendered":"Features"},"content":{"rendered":"\t\t<div data-elementor-type=\"wp-page\" data-elementor-id=\"4245\" class=\"elementor elementor-4245 elementor-27\" data-elementor-post-type=\"page\">\n\t\t\t\t<div class=\"elementor-element elementor-element-db27e45 e-flex e-con-boxed e-con e-parent\" data-id=\"db27e45\" data-element_type=\"container\" data-e-type=\"container\">\n\t\t\t\t\t<div class=\"e-con-inner\">\n\t\t\t\t<div class=\"elementor-element elementor-element-2981309 elementor-widget elementor-widget-heading\" data-id=\"2981309\" data-element_type=\"widget\" data-e-type=\"widget\" data-widget_type=\"heading.default\">\n\t\t\t\t<div class=\"elementor-widget-container\">\n\t\t\t\t\t<h2 class=\"elementor-heading-title elementor-size-default\">Features<\/h2>\t\t\t\t<\/div>\n\t\t\t\t<\/div>\n\t\t\t\t<div class=\"elementor-element elementor-element-a255809 elementor-widget elementor-widget-text-editor\" data-id=\"a255809\" data-element_type=\"widget\" data-e-type=\"widget\" data-widget_type=\"text-editor.default\">\n\t\t\t\t<div class=\"elementor-widget-container\">\n\t\t\t\t\t\t\t\t\t<p>ownCloud Online bietet eine Vielzahl an leistungsstarken Funktionen um Ihnen Arbeit abzunehmen und ein H\u00f6chstma\u00df an Datenschutz zu gew\u00e4hrleisten.<\/p>\t\t\t\t\t\t\t\t<\/div>\n\t\t\t\t<\/div>\n\t\t\t\t<div class=\"elementor-element elementor-element-57bc7d6 elementor-widget-divider--view-line elementor-widget elementor-widget-divider\" data-id=\"57bc7d6\" data-element_type=\"widget\" data-e-type=\"widget\" data-widget_type=\"divider.default\">\n\t\t\t\t<div class=\"elementor-widget-container\">\n\t\t\t\t\t\t\t<div class=\"elementor-divider\">\n\t\t\t<span class=\"elementor-divider-separator\">\n\t\t\t\t\t\t<\/span>\n\t\t<\/div>\n\t\t\t\t\t\t<\/div>\n\t\t\t\t<\/div>\n\t\t\t\t\t<\/div>\n\t\t\t\t<\/div>\n\t\t<div class=\"elementor-element elementor-element-92c8f28 e-flex e-con-boxed e-con e-parent\" data-id=\"92c8f28\" data-element_type=\"container\" data-e-type=\"container\">\n\t\t\t\t\t<div class=\"e-con-inner\">\n\t\t<div class=\"elementor-element elementor-element-26856d6 e-flex e-con-boxed e-con e-child\" data-id=\"26856d6\" data-element_type=\"container\" data-e-type=\"container\">\n\t\t\t\t\t<div class=\"e-con-inner\">\n\t\t<div class=\"elementor-element elementor-element-5b4d222 e-flex e-con-boxed e-con e-child\" data-id=\"5b4d222\" data-element_type=\"container\" data-e-type=\"container\">\n\t\t\t\t\t<div class=\"e-con-inner\">\n\t\t<div class=\"elementor-element elementor-element-5a0fbdd e-flex e-con-boxed e-con e-child\" data-id=\"5a0fbdd\" data-element_type=\"container\" data-e-type=\"container\">\n\t\t\t\t\t<div class=\"e-con-inner\">\n\t\t<div class=\"elementor-element elementor-element-640af8c e-flex e-con-boxed e-con e-child\" data-id=\"640af8c\" data-element_type=\"container\" data-e-type=\"container\">\n\t\t\t\t\t<div class=\"e-con-inner\">\n\t\t<div class=\"elementor-element elementor-element-03b64a7 e-con-full e-flex e-con e-child\" data-id=\"03b64a7\" data-element_type=\"container\" data-e-type=\"container\">\n\t\t\t\t<div class=\"elementor-element elementor-element-67a4a40 elementor-widget elementor-widget-image\" data-id=\"67a4a40\" data-element_type=\"widget\" data-e-type=\"widget\" data-widget_type=\"image.default\">\n\t\t\t\t<div class=\"elementor-widget-container\">\n\t\t\t\t\t\t\t\t\t\t\t\t\t\t\t<img fetchpriority=\"high\" decoding=\"async\" width=\"1751\" height=\"1526\" src=\"https:\/\/owncloud.online\/wp-content\/uploads\/2023\/10\/ownCloud-online-branding-integrates.png\" class=\"attachment-full size-full wp-image-4239\" alt=\"\" srcset=\"https:\/\/owncloud.online\/wp-content\/uploads\/2023\/10\/ownCloud-online-branding-integrates.png 1751w, https:\/\/owncloud.online\/wp-content\/uploads\/2023\/10\/ownCloud-online-branding-integrates-300x261.png 300w, https:\/\/owncloud.online\/wp-content\/uploads\/2023\/10\/ownCloud-online-branding-integrates-1024x892.png 1024w, https:\/\/owncloud.online\/wp-content\/uploads\/2023\/10\/ownCloud-online-branding-integrates-768x669.png 768w, https:\/\/owncloud.online\/wp-content\/uploads\/2023\/10\/ownCloud-online-branding-integrates-1536x1339.png 1536w\" sizes=\"(max-width: 1751px) 100vw, 1751px\" \/>\t\t\t\t\t\t\t\t\t\t\t\t\t\t\t<\/div>\n\t\t\t\t<\/div>\n\t\t\t\t<\/div>\n\t\t\t\t\t<\/div>\n\t\t\t\t<\/div>\n\t\t<div class=\"elementor-element elementor-element-e1eca70 e-flex e-con-boxed e-con e-child\" data-id=\"e1eca70\" data-element_type=\"container\" data-e-type=\"container\">\n\t\t\t\t\t<div class=\"e-con-inner\">\n\t\t<div class=\"elementor-element elementor-element-086c8f1 e-flex e-con-boxed e-con e-child\" data-id=\"086c8f1\" data-element_type=\"container\" data-e-type=\"container\">\n\t\t\t\t\t<div class=\"e-con-inner\">\n\t\t\t\t<div class=\"elementor-element elementor-element-f7790c3 elementor-widget elementor-widget-heading\" data-id=\"f7790c3\" data-element_type=\"widget\" data-e-type=\"widget\" data-widget_type=\"heading.default\">\n\t\t\t\t<div class=\"elementor-widget-container\">\n\t\t\t\t\t<h2 class=\"elementor-heading-title elementor-size-default\">Ihre Cloud, Ihr Look<\/h2>\t\t\t\t<\/div>\n\t\t\t\t<\/div>\n\t\t\t\t<div class=\"elementor-element elementor-element-5537e75 elementor-widget elementor-widget-text-editor\" data-id=\"5537e75\" data-element_type=\"widget\" data-e-type=\"widget\" data-widget_type=\"text-editor.default\">\n\t\t\t\t<div class=\"elementor-widget-container\">\n\t\t\t\t\t\t\t\t\t<p>Bieten Sie Ihren Kollegen, Kunden und Partners ein konsistentes Markenerlebnis. Ein solches Ma\u00df an Anpassbarkeit finden Sie sonst nur bei wesentlich zeitintensiveren und komplexeren OnPremises-Software-Installationen.<\/p>\t\t\t\t\t\t\t\t<\/div>\n\t\t\t\t<\/div>\n\t\t\t\t<div class=\"elementor-element elementor-element-1b475b7 elementor-widget elementor-widget-button\" data-id=\"1b475b7\" data-element_type=\"widget\" data-e-type=\"widget\" data-widget_type=\"button.default\">\n\t\t\t\t<div class=\"elementor-widget-container\">\n\t\t\t\t\t\t\t\t\t<div class=\"elementor-button-wrapper\">\n\t\t\t\t\t<a class=\"elementor-button elementor-button-link elementor-size-sm\" href=\"https:\/\/owncloud.online\/de\/branding\/\">\n\t\t\t\t\t\t<span class=\"elementor-button-content-wrapper\">\n\t\t\t\t\t\t\t\t\t<span class=\"elementor-button-text\">MEHR ERFAHREN<\/span>\n\t\t\t\t\t<\/span>\n\t\t\t\t\t<\/a>\n\t\t\t\t<\/div>\n\t\t\t\t\t\t\t\t<\/div>\n\t\t\t\t<\/div>\n\t\t\t\t\t<\/div>\n\t\t\t\t<\/div>\n\t\t\t\t\t<\/div>\n\t\t\t\t<\/div>\n\t\t\t\t\t<\/div>\n\t\t\t\t<\/div>\n\t\t\t\t\t<\/div>\n\t\t\t\t<\/div>\n\t\t\t\t\t<\/div>\n\t\t\t\t<\/div>\n\t\t\t\t\t<\/div>\n\t\t\t\t<\/div>\n\t\t<div class=\"elementor-element elementor-element-c9f03f2 e-flex e-con-boxed e-con e-parent\" data-id=\"c9f03f2\" data-element_type=\"container\" data-e-type=\"container\">\n\t\t\t\t\t<div class=\"e-con-inner\">\n\t\t<div class=\"elementor-element elementor-element-ce632fb e-flex e-con-boxed e-con e-child\" data-id=\"ce632fb\" data-element_type=\"container\" data-e-type=\"container\">\n\t\t\t\t\t<div class=\"e-con-inner\">\n\t\t<div class=\"elementor-element elementor-element-04f8540 e-flex e-con-boxed e-con e-child\" data-id=\"04f8540\" data-element_type=\"container\" data-e-type=\"container\">\n\t\t\t\t\t<div class=\"e-con-inner\">\n\t\t<div class=\"elementor-element elementor-element-465f811 e-flex e-con-boxed e-con e-child\" data-id=\"465f811\" data-element_type=\"container\" data-e-type=\"container\">\n\t\t\t\t\t<div class=\"e-con-inner\">\n\t\t<div class=\"elementor-element elementor-element-9f898bb e-flex e-con-boxed e-con e-child\" data-id=\"9f898bb\" data-element_type=\"container\" data-e-type=\"container\">\n\t\t\t\t\t<div class=\"e-con-inner\">\n\t\t<div class=\"elementor-element elementor-element-b0086cd e-con-full e-flex e-con e-child\" data-id=\"b0086cd\" data-element_type=\"container\" data-e-type=\"container\">\n\t\t\t\t<div class=\"elementor-element elementor-element-ae8a290 elementor-widget elementor-widget-image\" data-id=\"ae8a290\" data-element_type=\"widget\" data-e-type=\"widget\" data-widget_type=\"image.default\">\n\t\t\t\t<div class=\"elementor-widget-container\">\n\t\t\t\t\t\t\t\t\t\t\t\t\t\t\t<img decoding=\"async\" width=\"453\" height=\"518\" src=\"https:\/\/owncloud.online\/wp-content\/uploads\/2023\/08\/ownCloud-online-sharing-rocks-1.png\" class=\"attachment-full size-full wp-image-2006\" alt=\"\" srcset=\"https:\/\/owncloud.online\/wp-content\/uploads\/2023\/08\/ownCloud-online-sharing-rocks-1.png 453w, https:\/\/owncloud.online\/wp-content\/uploads\/2023\/08\/ownCloud-online-sharing-rocks-1-262x300.png 262w\" sizes=\"(max-width: 453px) 100vw, 453px\" \/>\t\t\t\t\t\t\t\t\t\t\t\t\t\t\t<\/div>\n\t\t\t\t<\/div>\n\t\t\t\t<\/div>\n\t\t\t\t\t<\/div>\n\t\t\t\t<\/div>\n\t\t<div class=\"elementor-element elementor-element-2b61f26 e-flex e-con-boxed e-con e-child\" data-id=\"2b61f26\" data-element_type=\"container\" data-e-type=\"container\">\n\t\t\t\t\t<div class=\"e-con-inner\">\n\t\t<div class=\"elementor-element elementor-element-1b48633 e-flex e-con-boxed e-con e-child\" data-id=\"1b48633\" data-element_type=\"container\" data-e-type=\"container\">\n\t\t\t\t\t<div class=\"e-con-inner\">\n\t\t\t\t<div class=\"elementor-element elementor-element-0ec5567 elementor-widget elementor-widget-heading\" data-id=\"0ec5567\" data-element_type=\"widget\" data-e-type=\"widget\" data-widget_type=\"heading.default\">\n\t\t\t\t<div class=\"elementor-widget-container\">\n\t\t\t\t\t<h2 class=\"elementor-heading-title elementor-size-default\">Dateien teilen<\/h2>\t\t\t\t<\/div>\n\t\t\t\t<\/div>\n\t\t\t\t<div class=\"elementor-element elementor-element-cff551b elementor-widget elementor-widget-text-editor\" data-id=\"cff551b\" data-element_type=\"widget\" data-e-type=\"widget\" data-widget_type=\"text-editor.default\">\n\t\t\t\t<div class=\"elementor-widget-container\">\n\t\t\t\t\t\t\t\t\t<p>Mit ownCloud Online teilen Sie Ihre Dateien so einfach wie nie zuvor mit Kollegen und Mitarbeitern. Dabei bleiben Ihre Daten stets vor Zugriffen Unberechtigter gesch\u00fctzt.<\/p>\t\t\t\t\t\t\t\t<\/div>\n\t\t\t\t<\/div>\n\t\t\t\t<div class=\"elementor-element elementor-element-b3fba4e elementor-widget elementor-widget-button\" data-id=\"b3fba4e\" data-element_type=\"widget\" data-e-type=\"widget\" data-widget_type=\"button.default\">\n\t\t\t\t<div class=\"elementor-widget-container\">\n\t\t\t\t\t\t\t\t\t<div class=\"elementor-button-wrapper\">\n\t\t\t\t\t<a class=\"elementor-button elementor-button-link elementor-size-sm\" href=\"https:\/\/owncloud.online\/de\/dateien-teilen\/\">\n\t\t\t\t\t\t<span class=\"elementor-button-content-wrapper\">\n\t\t\t\t\t\t\t\t\t<span class=\"elementor-button-text\">MEHR ERFAHREN<\/span>\n\t\t\t\t\t<\/span>\n\t\t\t\t\t<\/a>\n\t\t\t\t<\/div>\n\t\t\t\t\t\t\t\t<\/div>\n\t\t\t\t<\/div>\n\t\t\t\t\t<\/div>\n\t\t\t\t<\/div>\n\t\t\t\t\t<\/div>\n\t\t\t\t<\/div>\n\t\t\t\t\t<\/div>\n\t\t\t\t<\/div>\n\t\t\t\t\t<\/div>\n\t\t\t\t<\/div>\n\t\t\t\t\t<\/div>\n\t\t\t\t<\/div>\n\t\t\t\t\t<\/div>\n\t\t\t\t<\/div>\n\t\t<div class=\"elementor-element elementor-element-42e060b e-flex e-con-boxed e-con e-parent\" data-id=\"42e060b\" data-element_type=\"container\" data-e-type=\"container\">\n\t\t\t\t\t<div class=\"e-con-inner\">\n\t\t<div class=\"elementor-element elementor-element-69a7c09 e-flex e-con-boxed e-con e-child\" data-id=\"69a7c09\" data-element_type=\"container\" data-e-type=\"container\">\n\t\t\t\t\t<div class=\"e-con-inner\">\n\t\t<div class=\"elementor-element elementor-element-7da370a e-flex e-con-boxed e-con e-child\" data-id=\"7da370a\" data-element_type=\"container\" data-e-type=\"container\">\n\t\t\t\t\t<div class=\"e-con-inner\">\n\t\t<div class=\"elementor-element elementor-element-bc8c5f5 e-flex e-con-boxed e-con e-child\" data-id=\"bc8c5f5\" data-element_type=\"container\" data-e-type=\"container\">\n\t\t\t\t\t<div class=\"e-con-inner\">\n\t\t<div class=\"elementor-element elementor-element-388835f e-flex e-con-boxed e-con e-child\" data-id=\"388835f\" data-element_type=\"container\" data-e-type=\"container\">\n\t\t\t\t\t<div class=\"e-con-inner\">\n\t\t<div class=\"elementor-element elementor-element-a6e65a4 e-con-full e-flex e-con e-child\" data-id=\"a6e65a4\" data-element_type=\"container\" data-e-type=\"container\">\n\t\t\t\t<div class=\"elementor-element elementor-element-440609b elementor-widget elementor-widget-image\" data-id=\"440609b\" data-element_type=\"widget\" data-e-type=\"widget\" data-widget_type=\"image.default\">\n\t\t\t\t<div class=\"elementor-widget-container\">\n\t\t\t\t\t\t\t\t\t\t\t\t\t\t\t<img decoding=\"async\" width=\"1600\" height=\"1118\" src=\"https:\/\/owncloud.online\/wp-content\/uploads\/2023\/10\/ownCloud-online-cloud-office-work-anywhere-1.png\" class=\"attachment-full size-full wp-image-4241\" alt=\"\" srcset=\"https:\/\/owncloud.online\/wp-content\/uploads\/2023\/10\/ownCloud-online-cloud-office-work-anywhere-1.png 1600w, https:\/\/owncloud.online\/wp-content\/uploads\/2023\/10\/ownCloud-online-cloud-office-work-anywhere-1-300x210.png 300w, https:\/\/owncloud.online\/wp-content\/uploads\/2023\/10\/ownCloud-online-cloud-office-work-anywhere-1-1024x716.png 1024w, https:\/\/owncloud.online\/wp-content\/uploads\/2023\/10\/ownCloud-online-cloud-office-work-anywhere-1-768x537.png 768w, https:\/\/owncloud.online\/wp-content\/uploads\/2023\/10\/ownCloud-online-cloud-office-work-anywhere-1-1536x1073.png 1536w\" sizes=\"(max-width: 1600px) 100vw, 1600px\" \/>\t\t\t\t\t\t\t\t\t\t\t\t\t\t\t<\/div>\n\t\t\t\t<\/div>\n\t\t\t\t<\/div>\n\t\t\t\t\t<\/div>\n\t\t\t\t<\/div>\n\t\t<div class=\"elementor-element elementor-element-ca8f9c5 e-flex e-con-boxed e-con e-child\" data-id=\"ca8f9c5\" data-element_type=\"container\" data-e-type=\"container\">\n\t\t\t\t\t<div class=\"e-con-inner\">\n\t\t<div class=\"elementor-element elementor-element-a402925 e-flex e-con-boxed e-con e-child\" data-id=\"a402925\" data-element_type=\"container\" data-e-type=\"container\">\n\t\t\t\t\t<div class=\"e-con-inner\">\n\t\t\t\t<div class=\"elementor-element elementor-element-b78f0fb elementor-widget elementor-widget-heading\" data-id=\"b78f0fb\" data-element_type=\"widget\" data-e-type=\"widget\" data-widget_type=\"heading.default\">\n\t\t\t\t<div class=\"elementor-widget-container\">\n\t\t\t\t\t<h2 class=\"elementor-heading-title elementor-size-default\">Digitale Zusammenarbeit<\/h2>\t\t\t\t<\/div>\n\t\t\t\t<\/div>\n\t\t\t\t<div class=\"elementor-element elementor-element-665400e elementor-widget elementor-widget-text-editor\" data-id=\"665400e\" data-element_type=\"widget\" data-e-type=\"widget\" data-widget_type=\"text-editor.default\">\n\t\t\t\t<div class=\"elementor-widget-container\">\n\t\t\t\t\t\t\t\t\t<p>Arbeiten Sie im Team und in Echtzeit an Dokumenten, Tabellen und Pr\u00e4sentationen.<\/p>\t\t\t\t\t\t\t\t<\/div>\n\t\t\t\t<\/div>\n\t\t\t\t<div class=\"elementor-element elementor-element-a4762ee elementor-widget elementor-widget-button\" data-id=\"a4762ee\" data-element_type=\"widget\" data-e-type=\"widget\" data-widget_type=\"button.default\">\n\t\t\t\t<div class=\"elementor-widget-container\">\n\t\t\t\t\t\t\t\t\t<div class=\"elementor-button-wrapper\">\n\t\t\t\t\t<a class=\"elementor-button elementor-button-link elementor-size-sm\" href=\"https:\/\/owncloud.online\/de\/cloud-office\/\">\n\t\t\t\t\t\t<span class=\"elementor-button-content-wrapper\">\n\t\t\t\t\t\t\t\t\t<span class=\"elementor-button-text\">MEHR ERFAHREN<\/span>\n\t\t\t\t\t<\/span>\n\t\t\t\t\t<\/a>\n\t\t\t\t<\/div>\n\t\t\t\t\t\t\t\t<\/div>\n\t\t\t\t<\/div>\n\t\t\t\t\t<\/div>\n\t\t\t\t<\/div>\n\t\t\t\t\t<\/div>\n\t\t\t\t<\/div>\n\t\t\t\t\t<\/div>\n\t\t\t\t<\/div>\n\t\t\t\t\t<\/div>\n\t\t\t\t<\/div>\n\t\t\t\t\t<\/div>\n\t\t\t\t<\/div>\n\t\t\t\t\t<\/div>\n\t\t\t\t<\/div>\n\t\t\t\t<\/div>\n\t\t","protected":false},"excerpt":{"rendered":"<p>Features ownCloud Online bietet eine Vielzahl an leistungsstarken Funktionen um Ihnen Arbeit abzunehmen und ein H\u00f6chstma\u00df an Datenschutz zu gew\u00e4hrleisten. Ihre Cloud, Ihr Look Bieten Sie Ihren Kollegen, Kunden und Partners ein konsistentes Markenerlebnis. Ein solches Ma\u00df an Anpassbarkeit finden Sie sonst nur bei wesentlich zeitintensiveren und komplexeren OnPremises-Software-Installationen. MEHR ERFAHREN Dateien teilen Mit ownCloud [&hellip;]<\/p>\n","protected":false},"author":3,"featured_media":0,"parent":0,"menu_order":3,"comment_status":"closed","ping_status":"closed","template":"","meta":{"_acf_changed":false,"footnotes":""},"class_list":["post-4245","page","type-page","status-publish","hentry"],"acf":[],"yoast_head":"<!-- This site is optimized with the Yoast SEO plugin v27.2 - https:\/\/yoast.com\/product\/yoast-seo-wordpress\/ -->\n<title>Features - Cloud Storage made to trust - ownCloud.online<\/title>\n<meta name=\"description\" content=\"Ende-zu-Ende-Verschl\u00fcsseltes Teilen und Synchronisieren von Dateien. Sicherer Cloud-Storage f\u00fcr Ihr Unternehmen. Jetzt 30 Tage kostenlos testen!\" \/>\n<meta name=\"robots\" content=\"index, follow, max-snippet:-1, max-image-preview:large, max-video-preview:-1\" \/>\n<link rel=\"canonical\" href=\"https:\/\/owncloud.online\/de\/features\/\" \/>\n<meta property=\"og:locale\" content=\"de_DE\" \/>\n<meta property=\"og:type\" content=\"article\" \/>\n<meta property=\"og:title\" content=\"Features - Cloud Storage made to trust - ownCloud.online\" \/>\n<meta property=\"og:description\" content=\"Ende-zu-Ende-Verschl\u00fcsseltes Teilen und Synchronisieren von Dateien. Sicherer Cloud-Storage f\u00fcr Ihr Unternehmen. Jetzt 30 Tage kostenlos testen!\" \/>\n<meta property=\"og:url\" content=\"https:\/\/owncloud.online\/de\/features\/\" \/>\n<meta property=\"og:site_name\" content=\"Cloud Storage made to trust - ownCloud.online\" \/>\n<meta property=\"article:modified_time\" content=\"2026-02-23T14:37:33+00:00\" \/>\n<meta property=\"og:image\" content=\"https:\/\/owncloud.online\/wp-content\/uploads\/2023\/10\/ownCloud-online-branding-integrates.png\" \/>\n\t<meta property=\"og:image:width\" content=\"1751\" \/>\n\t<meta property=\"og:image:height\" content=\"1526\" \/>\n\t<meta property=\"og:image:type\" content=\"image\/png\" \/>\n<meta name=\"twitter:card\" content=\"summary_large_image\" \/>\n<meta name=\"twitter:label1\" content=\"Gesch\u00e4tzte Lesezeit\" \/>\n\t<meta name=\"twitter:data1\" content=\"2\u00a0Minuten\" \/>\n<script type=\"application\/ld+json\" class=\"yoast-schema-graph\">{\"@context\":\"https:\/\/schema.org\",\"@graph\":[{\"@type\":\"WebPage\",\"@id\":\"https:\/\/owncloud.online\/de\/features\/\",\"url\":\"https:\/\/owncloud.online\/de\/features\/\",\"name\":\"Features - Cloud Storage made to trust - ownCloud.online\",\"isPartOf\":{\"@id\":\"https:\/\/owncloud.online\/de\/#website\"},\"primaryImageOfPage\":{\"@id\":\"https:\/\/owncloud.online\/de\/features\/#primaryimage\"},\"image\":{\"@id\":\"https:\/\/owncloud.online\/de\/features\/#primaryimage\"},\"thumbnailUrl\":\"https:\/\/owncloud.online\/wp-content\/uploads\/2023\/10\/ownCloud-online-branding-integrates.png\",\"datePublished\":\"2023-08-07T07:36:27+00:00\",\"dateModified\":\"2026-02-23T14:37:33+00:00\",\"description\":\"Ende-zu-Ende-Verschl\u00fcsseltes Teilen und Synchronisieren von Dateien. Sicherer Cloud-Storage f\u00fcr Ihr Unternehmen. Jetzt 30 Tage kostenlos testen!\",\"breadcrumb\":{\"@id\":\"https:\/\/owncloud.online\/de\/features\/#breadcrumb\"},\"inLanguage\":\"de\",\"potentialAction\":[{\"@type\":\"ReadAction\",\"target\":[\"https:\/\/owncloud.online\/de\/features\/\"]}]},{\"@type\":\"ImageObject\",\"inLanguage\":\"de\",\"@id\":\"https:\/\/owncloud.online\/de\/features\/#primaryimage\",\"url\":\"https:\/\/owncloud.online\/wp-content\/uploads\/2023\/10\/ownCloud-online-branding-integrates.png\",\"contentUrl\":\"https:\/\/owncloud.online\/wp-content\/uploads\/2023\/10\/ownCloud-online-branding-integrates.png\"},{\"@type\":\"BreadcrumbList\",\"@id\":\"https:\/\/owncloud.online\/de\/features\/#breadcrumb\",\"itemListElement\":[{\"@type\":\"ListItem\",\"position\":1,\"name\":\"Home\",\"item\":\"https:\/\/owncloud.online\/de\/\"},{\"@type\":\"ListItem\",\"position\":2,\"name\":\"Features\"}]},{\"@type\":\"WebSite\",\"@id\":\"https:\/\/owncloud.online\/de\/#website\",\"url\":\"https:\/\/owncloud.online\/de\/\",\"name\":\"Cloud Storage made to trust - ownCloud.online\",\"description\":\"Easy As I know it - Safe as never before\",\"publisher\":{\"@id\":\"https:\/\/owncloud.online\/de\/#organization\"},\"potentialAction\":[{\"@type\":\"SearchAction\",\"target\":{\"@type\":\"EntryPoint\",\"urlTemplate\":\"https:\/\/owncloud.online\/de\/?s={search_term_string}\"},\"query-input\":{\"@type\":\"PropertyValueSpecification\",\"valueRequired\":true,\"valueName\":\"search_term_string\"}}],\"inLanguage\":\"de\"},{\"@type\":\"Organization\",\"@id\":\"https:\/\/owncloud.online\/de\/#organization\",\"name\":\"Cloud Storage made to trust - ownCloud.online\",\"url\":\"https:\/\/owncloud.online\/de\/\",\"logo\":{\"@type\":\"ImageObject\",\"inLanguage\":\"de\",\"@id\":\"https:\/\/owncloud.online\/de\/#\/schema\/logo\/image\/\",\"url\":\"https:\/\/owncloud.online\/wp-content\/uploads\/2023\/08\/logo-ownCloud-online.svg\",\"contentUrl\":\"https:\/\/owncloud.online\/wp-content\/uploads\/2023\/08\/logo-ownCloud-online.svg\",\"caption\":\"Cloud Storage made to trust - ownCloud.online\"},\"image\":{\"@id\":\"https:\/\/owncloud.online\/de\/#\/schema\/logo\/image\/\"}}]}<\/script>\n<!-- \/ Yoast SEO plugin. -->","yoast_head_json":{"title":"Features - Cloud Storage made to trust - ownCloud.online","description":"Ende-zu-Ende-Verschl\u00fcsseltes Teilen und Synchronisieren von Dateien. Sicherer Cloud-Storage f\u00fcr Ihr Unternehmen. Jetzt 30 Tage kostenlos testen!","robots":{"index":"index","follow":"follow","max-snippet":"max-snippet:-1","max-image-preview":"max-image-preview:large","max-video-preview":"max-video-preview:-1"},"canonical":"https:\/\/owncloud.online\/de\/features\/","og_locale":"de_DE","og_type":"article","og_title":"Features - Cloud Storage made to trust - ownCloud.online","og_description":"Ende-zu-Ende-Verschl\u00fcsseltes Teilen und Synchronisieren von Dateien. Sicherer Cloud-Storage f\u00fcr Ihr Unternehmen. Jetzt 30 Tage kostenlos testen!","og_url":"https:\/\/owncloud.online\/de\/features\/","og_site_name":"Cloud Storage made to trust - ownCloud.online","article_modified_time":"2026-02-23T14:37:33+00:00","og_image":[{"width":1751,"height":1526,"url":"https:\/\/owncloud.online\/wp-content\/uploads\/2023\/10\/ownCloud-online-branding-integrates.png","type":"image\/png"}],"twitter_card":"summary_large_image","twitter_misc":{"Gesch\u00e4tzte Lesezeit":"2\u00a0Minuten"},"schema":{"@context":"https:\/\/schema.org","@graph":[{"@type":"WebPage","@id":"https:\/\/owncloud.online\/de\/features\/","url":"https:\/\/owncloud.online\/de\/features\/","name":"Features - Cloud Storage made to trust - ownCloud.online","isPartOf":{"@id":"https:\/\/owncloud.online\/de\/#website"},"primaryImageOfPage":{"@id":"https:\/\/owncloud.online\/de\/features\/#primaryimage"},"image":{"@id":"https:\/\/owncloud.online\/de\/features\/#primaryimage"},"thumbnailUrl":"https:\/\/owncloud.online\/wp-content\/uploads\/2023\/10\/ownCloud-online-branding-integrates.png","datePublished":"2023-08-07T07:36:27+00:00","dateModified":"2026-02-23T14:37:33+00:00","description":"Ende-zu-Ende-Verschl\u00fcsseltes Teilen und Synchronisieren von Dateien. Sicherer Cloud-Storage f\u00fcr Ihr Unternehmen. Jetzt 30 Tage kostenlos testen!","breadcrumb":{"@id":"https:\/\/owncloud.online\/de\/features\/#breadcrumb"},"inLanguage":"de","potentialAction":[{"@type":"ReadAction","target":["https:\/\/owncloud.online\/de\/features\/"]}]},{"@type":"ImageObject","inLanguage":"de","@id":"https:\/\/owncloud.online\/de\/features\/#primaryimage","url":"https:\/\/owncloud.online\/wp-content\/uploads\/2023\/10\/ownCloud-online-branding-integrates.png","contentUrl":"https:\/\/owncloud.online\/wp-content\/uploads\/2023\/10\/ownCloud-online-branding-integrates.png"},{"@type":"BreadcrumbList","@id":"https:\/\/owncloud.online\/de\/features\/#breadcrumb","itemListElement":[{"@type":"ListItem","position":1,"name":"Home","item":"https:\/\/owncloud.online\/de\/"},{"@type":"ListItem","position":2,"name":"Features"}]},{"@type":"WebSite","@id":"https:\/\/owncloud.online\/de\/#website","url":"https:\/\/owncloud.online\/de\/","name":"Cloud Storage made to trust - ownCloud.online","description":"Easy As I know it - Safe as never before","publisher":{"@id":"https:\/\/owncloud.online\/de\/#organization"},"potentialAction":[{"@type":"SearchAction","target":{"@type":"EntryPoint","urlTemplate":"https:\/\/owncloud.online\/de\/?s={search_term_string}"},"query-input":{"@type":"PropertyValueSpecification","valueRequired":true,"valueName":"search_term_string"}}],"inLanguage":"de"},{"@type":"Organization","@id":"https:\/\/owncloud.online\/de\/#organization","name":"Cloud Storage made to trust - ownCloud.online","url":"https:\/\/owncloud.online\/de\/","logo":{"@type":"ImageObject","inLanguage":"de","@id":"https:\/\/owncloud.online\/de\/#\/schema\/logo\/image\/","url":"https:\/\/owncloud.online\/wp-content\/uploads\/2023\/08\/logo-ownCloud-online.svg","contentUrl":"https:\/\/owncloud.online\/wp-content\/uploads\/2023\/08\/logo-ownCloud-online.svg","caption":"Cloud Storage made to trust - ownCloud.online"},"image":{"@id":"https:\/\/owncloud.online\/de\/#\/schema\/logo\/image\/"}}]}},"_links":{"self":[{"href":"https:\/\/owncloud.online\/de\/wp-json\/wp\/v2\/pages\/4245","targetHints":{"allow":["GET"]}}],"collection":[{"href":"https:\/\/owncloud.online\/de\/wp-json\/wp\/v2\/pages"}],"about":[{"href":"https:\/\/owncloud.online\/de\/wp-json\/wp\/v2\/types\/page"}],"author":[{"embeddable":true,"href":"https:\/\/owncloud.online\/de\/wp-json\/wp\/v2\/users\/3"}],"replies":[{"embeddable":true,"href":"https:\/\/owncloud.online\/de\/wp-json\/wp\/v2\/comments?post=4245"}],"version-history":[{"count":13,"href":"https:\/\/owncloud.online\/de\/wp-json\/wp\/v2\/pages\/4245\/revisions"}],"predecessor-version":[{"id":7430,"href":"https:\/\/owncloud.online\/de\/wp-json\/wp\/v2\/pages\/4245\/revisions\/7430"}],"wp:attachment":[{"href":"https:\/\/owncloud.online\/de\/wp-json\/wp\/v2\/media?parent=4245"}],"curies":[{"name":"wp","href":"https:\/\/api.w.org\/{rel}","templated":true}]}}