{"id":2981,"date":"2023-08-07T12:13:27","date_gmt":"2023-08-07T12:13:27","guid":{"rendered":"https:\/\/oosandbox.bw.tech\/geschaeftsbedingungen\/"},"modified":"2026-02-25T10:09:56","modified_gmt":"2026-02-25T10:09:56","slug":"agb","status":"publish","type":"page","link":"https:\/\/owncloud.online\/de\/agb\/","title":{"rendered":"AGB"},"content":{"rendered":"\t\t<div data-elementor-type=\"wp-page\" data-elementor-id=\"2981\" class=\"elementor elementor-2981 elementor-116\" data-elementor-post-type=\"page\">\n\t\t\t\t<div class=\"elementor-element elementor-element-42f1792 e-flex e-con-boxed e-con e-parent\" data-id=\"42f1792\" data-element_type=\"container\" data-e-type=\"container\">\n\t\t\t\t\t<div class=\"e-con-inner\">\n\t\t\t\t<div class=\"elementor-element elementor-element-7829d30 elementor-widget elementor-widget-heading\" data-id=\"7829d30\" data-element_type=\"widget\" data-e-type=\"widget\" data-widget_type=\"heading.default\">\n\t\t\t\t<div class=\"elementor-widget-container\">\n\t\t\t\t\t<h1 class=\"elementor-heading-title elementor-size-default\">Allgemeine Gesch\u00e4ftsbedingungen (AGB) f\u00fcr ownCloud.online<\/h1>\t\t\t\t<\/div>\n\t\t\t\t<\/div>\n\t\t\t\t<div class=\"elementor-element elementor-element-c18c83c elementor-widget elementor-widget-text-editor\" data-id=\"c18c83c\" data-element_type=\"widget\" data-e-type=\"widget\" data-widget_type=\"text-editor.default\">\n\t\t\t\t<div class=\"elementor-widget-container\">\n\t\t\t\t\t\t\t\t\t<ol><li>Wirkungsbereich<ul><li>Diese AGB gelten f\u00fcr alle Leistungen, Dienste und Services die von der ownCloud GmbH (ownCloud) als ownCloud Online vermarktet und angeboten werden<\/li><li>Dieses Angebot richtet sich nur an Vollkaufleute und Unternehmen. Nicht an Verbraucher.<\/li><\/ul><\/li><li>Vertragsgegenstand<ul><li>Die ownCloud GmbH erm\u00f6glicht es dem Vertragspartner, sowie dessen Beauftragten ownCloud Online zu nutzen.<\/li><li>Der Vertragspartner kann \u00fcber die Anzahl der bestellten Nutzer frei verf\u00fcgen und diese selbstst\u00e4ndig anlegen. Der Administrationsnutzer z\u00e4hlt als ein Nutzer. Der Vertragspartner kann zus\u00e4tzlichebensoviele Gast Nutzer anlegen wie Nutzer bestellt sind.<\/li><li>Speicher:<ul><li>SingleUser-Account: Insgesamt werden 500GB Speichervolumen zur Verf\u00fcgung gestellt.<\/li><li>Team-Account: Pro bestelltem Nutzer werden 200GB Speichervolumen bereitgestellt.<\/li><\/ul><\/li><li>ownCloud erm\u00f6glicht die Benutzung durch Browser (supportete Versionen siehe Systemrequirements), sowie durch von ownCloud selbst bereitgestellte Clients f\u00fcr Desktop, iOS und Android. F\u00fcr die Benutzung anderer Clients anderer Anbieter tr\u00e4gt ownCloud keinerlei Verantwortung.<\/li><li>Die mittlere Verf\u00fcgbarkeit des Dienstes betr\u00e4gt mindestens 99%. Die Verf\u00fcgbarkeit ist dann erreicht, wenn der Dienst mindestens 99% der Zeit eines Monats verf\u00fcgbar war. Hiervon ausgenommen sind Zeiten, in denen die entsprechenden Server aufgrund von technischen oder sonstigen Problemen, die nicht im Einflussbereich von ownCloud liegen (h\u00f6here Gewalt, Verschulden Dritter etc.), nicht zu erreichen sind.<\/li><li>ownCloud beh\u00e4lt sich vor die Bandbreiten sowie die Transfervolumen f\u00fcr Uploads und Downloads zu begrenzen. Ein \u00fcbliches (fair use) verhalten des Vertragspartners wird unterstellt.<\/li><\/ul><\/li><li>Pflichten von ownCloud<ul><li>ownCloud ist verpflichtet, dem Nutzer den Vertragsgegenstand dauerhaft (im Sinne von Ziffer 2.5) bereitzustellen und die ordnungsgem\u00e4\u00dfe \u00dcbermittlung von Daten in das Internet (Versendung) und an den Nutzer (Empf\u00e4nger) sicherzustellen.\u00a0 Die Erreichbarkeit bestimmter Zielnetze oder -seiten schuldet ownCloud<\/li><li>ownCloud ist nicht f\u00fcr die Funktions- und Leistungsf\u00e4higkeit des nutzerseitigen \u00dcbertragungssystems verantwortlich, ebenso wenig wie f\u00fcr die Leistungen von Kommunikations- und \u00dcbertragungssystemen Dritter, die\u00a0 aufgrund\u00a0 der internetspezifischen Besonderheiten zwar an der \u00dcbertragungder Daten mitwirken, aber nicht von ownCloud ausgew\u00e4hlt wurden und deren Verhalten auch nicht von ownCloud beeinflusst werden kann.<\/li><\/ul><\/li><li>Pflichten des Vertragspartners und der Nutzer<ul><li>Der Vertragspartner und die Nutzer sind verpflichtet, die ihm zur Verf\u00fcgung gestellten Zugangsdaten geheim zu halten und sicher vor dem Zugriff durch unbefugte Dritte aufzubewahren, so dass ein Missbrauch der Daten durch Dritte f\u00fcr den Zugang unm\u00f6glich ist.<\/li><li>Der Vertragspartner und die Nutzer d\u00fcrfen den Dienst nicht zur Durchf\u00fchrung von strafbaren Handlungen, wie insbesondere aber nicht abschlie\u00dfend Straftaten gegen die sexuelle Selbstbestimmung, Verabredung oder Aufruf zu Gewalttaten, Verletzungen von Immaterialg\u00fcterrechten, betr\u00fcgerischen\u00a0 Handlungen, Verleumdungen, Beleidigungen oder Computerstraftaten oder anderen strafbaren Handlungen nutzen.<\/li><li>Sofern ein Dritter den Vertragspartner und\/oder ownCloud wegen Rechtsverletzungen des Nutzers im Rahmen der Nutzung des Vertragsgegenstandes, insbesondere wegen Straftaten oder Verletzungen von geistigem Eigentum, in Anspruch nimmt, ist ownCloud berechtigt, dem Vertragspartner und den Nutzern die Nutzung des Dienstes sofort zu untersagen und seinen Zugang zu sperren, solange der geltend gemachte Anspruch nicht von einem Gericht rechtskr\u00e4ftig verworfen wurde oder der Dritte verbindlich auf seine Anspr\u00fcche verzichtet hat.<\/li><li>Im Falle einer Sperrung des Dienstes nach Absatz 4.3 hat ownCloud das Recht, den Vertrag au\u00dferordentlich zu k\u00fcndigen. Bereits gezahlte Geb\u00fchren werden nicht erstattet.<\/li><\/ul><\/li><li>Datenschutz<ul><li>Der Vertragspartner erkl\u00e4rt sich damit einverstanden, dass ownCloud im Rahmen der gesetzlichen Bestimmungen die erforderlichen Daten erhebt, verarbeitet und nutzt.<\/li><li>Die zur Verf\u00fcgung gestellte Datenschutzerkl\u00e4rung gilt als vereinbart. Der Vertragspartner schlie\u00dft mit ownCloud eine Vereinbarung zur Auftragsverarbeitung nach Art. 28 DSGVO ab, sobald ownCloud in seinem Auftrag personenbezogene Daten verarbeitet.<\/li><\/ul><\/li><li>Zahlung<ul><li>Die auf der Bestellung und Rechnung ausgewiesenen Geb\u00fchren sind nach Erhalt der Rechnung von ownCloud f\u00e4llig. ownCloud stellt dem Kunden die Geb\u00fchren f\u00fcr eine Vertragsverl\u00e4ngerung kurz vor Ende der Laufzeit des Erstvertrages und etwaiger Vertragsverl\u00e4ngerungen in Rechnung. Die Geb\u00fchren sind in Euro angegeben. Die Geb\u00fchren enthalten keine Umsatzsteuer, Gebrauchssteuer, Mehrwertsteuer oder sonstige Steuern sowie keine Strafgeb\u00fchren, Bu\u00dfgelder, Zuschl\u00e4ge oder Zinsen. Diese werden gem\u00e4\u00df den gesetlichen Bestimmungen zus\u00e4tzlich ausgewisen und erhoben.<\/li><li>\u00c4nderung der Geb\u00fchren.<br \/>ownCloud beh\u00e4lt sich das Recht vor, die im Zusammenhang mit diesem Dienst erhobenen Geb\u00fchren zum Beginn der Laufzeit einer Vertragsverl\u00e4ngerung zu \u00e4ndern. ownCloud unterrichtet den Kunden neunzig (90) Tage vor Beginn der Vertragsverl\u00e4ngerung \u00fcber eine solche Geb\u00fchren\u00e4nderung.<\/li><li>Meldepflichten des Kunden.<br \/>\u00dcberschreitet die tats\u00e4chliche Anzahl der Softwarenutzer die vertraglich vereinbarte Anzahl der Nutzer, f\u00fcr die der Kunde die entsprechenden Geb\u00fchren entrichtet hat, wird die Abrechnung entsprechend automatisch angepasst und dies dem Kunden mitgeteilt. ownCloud stellt dem Kunden die \u00fcberz\u00e4hligen Nutzer der jeweiligen Software gem\u00e4\u00df den Bestimmungen des Bestellformulars in Rechnung.<\/li><li>Pr\u00fcfung.<br \/>W\u00e4hrend der Laufzeit des \u00fcber dieses Bestellformular abgeschlossenen Vertrages sowie f\u00fcr einen Zeitraum von einem (1) Jahr nach Ende der Laufzeit ist ownCloud oder ein von ownCloud benannter Bevollm\u00e4chtigter berechtigt, die Einrichtungen und Aufzeichnungen des Kunden auf Einhaltung der Vertragsbedingungen zu \u00fcberpr\u00fcfen. Eine solche Pr\u00fcfung erfolgt ausschlie\u00dflich zu den Gesch\u00e4ftszeiten des Kunden und wird von ownCloud mindestens zehn (10) Tage vorher schriftlich angek\u00fcndigt. ownCloud teilt dem Kunden etwaige Verst\u00f6\u00dfe gegen die Vertragsbedingungen einschlie\u00dflich der Anzahl der nicht gemeldeten Nutzer schriftlich mit. Der Kunde hat die Geb\u00fchren f\u00fcr die nicht gemeldeten Nutzer innerhalb von f\u00fcnfzehn (15) Tagen ab Datum dieser Mitteilung an ownCloud zu entrichten. \u00dcberschreitet die Anzahl der tats\u00e4chlichen Nutzer die vertraglich vereinbarte Nutzerzahl, f\u00fcr die der Kunde Geb\u00fchren entrichtet hat, um mehr als f\u00fcnf Prozent (5\u00a0%), hat der Kunde ownCloud au\u00dferdem die Kosten f\u00fcr eine solche Pr\u00fcfung innerhalb von drei\u00dfig (30) Tagen ab Datum der Rechnung \u00fcber diese Pr\u00fcfung zu erstatten.<\/li><\/ul><\/li><li>Laufzeit und K\u00fcndigung<\/li><li>Laufzeit und Verl\u00e4ngerung. Die Bereitstellung von Software und Services im Rahmen dieses Bestellformulars erfolgt ab Vertragsbeginn f\u00fcr die in diesem Bestellforumular als Vertragslaufzeit angegebene Dauer. Die Laufzeit verl\u00e4ngert sich automatisch jeweils um weitere zw\u00f6lf (12) Monate, sofern nicht eine der beiden Parteien der anderen Partei mindestens dreissig (30) Tage vor Beginn der n\u00e4chsten Vertragsverl\u00e4ngerung schriftlich mitteilt, dass sie den Vertrag nicht verl\u00e4ngern m\u00f6chte.<\/li><li>Au\u00dferordentliche K\u00fcndigung. Die Vertragsparteien k\u00f6nnen den mit diesem Bestellformular abgeschlossenen Vertrag aus wichtigen Gr\u00fcnden k\u00fcndigen: (i) 30 Tage nach vorheriger schriftlicher Mitteilung an die andere Partei aufgrund eines wesentlichen Versto\u00dfes gegen die Vertragsbedingungen, sofern dieser Versto\u00df nicht innerhalb der 30-Tage-Frist behoben wird, oder (ii) fristlos, wenn gegen die andere Partei ein Konkurs- oder sonstiges Ausgleichsverfahren im Zusammenhang mit Zahlungsunf\u00e4higkeit, Zwangsverwaltung, Liquidation oder Abtretung zugunsten ihrer Gl\u00e4ubiger eingeleitet wird.<\/li><li>Wirkung der K\u00fcndigung oder des Ablaufs des Vertrages; Fortbestand. Bei einer au\u00dferordentlichen K\u00fcndigung des mit diesem Bestellformular abgeschlossenen Vertrages durch den Kunden erstattet ownCloud unverz\u00fcglich jegliche Geb\u00fchren, die der Kunde zuvor f\u00fcr die Bereitstellung von Services f\u00fcr den Zeitraum nach der Wirkung der K\u00fcndigung entrichtet hat. Aus anderen als den hier genannten Gr\u00fcnden werden keine Geb\u00fchren erstattet. Bestimmungen dieses Vertrages, die \u00fcber die K\u00fcndigung oder den Ablauf des Vertrages hinaus zur Erreichung der grundlegenden Vertragsziele Bestand haben sollen, bestehen fort.<\/li><li>Sonstiges<ul><li>Keine Partei ist berechtigt, den mit diesem Bestellformular abgeschlossenen Vertrag ohne vorherige schriftliche Zustimmung der anderen Partei abzutreten oder zu \u00fcbertragen. Als Ausnahme hierzu gilt, dass beide Parteien bei einer Fusion, Reorganisation, einem Verkauf aller oder wesentlicher Verm\u00f6genswerte oder Anteile, einem Kontrollwechsel oder kraft Gesetz den Vertrag nach vorheriger Mitteilung auch ohne Zustimmung der anderen Partei an verbundene Unternehmen oder Rechtsnachfolger abtreten k\u00f6nnen.<\/li><li>Vertragsgrundlage; \u00c4nderung; Ausfertigungen und Faksimile- oder elektronische Unterschrift. Die Bestimmungen dieses Bestellformulars stellen die alleinige Grundlage f\u00fcr den Vertragsgegenstand dieses Bestellformulars dar, ungeachtet etwaiger abweichender oder erg\u00e4nzender Bestimmungen, die unter Umst\u00e4nden in Bestellscheinen oder sonstigen Dokumenten enthalten sind, mit dem der Kunde eine Bestellung aufgibt oder sonstige Gesch\u00e4fte im Rahmen dieses Bestellformulars abwickelt. \u00c4nderungen oder Erg\u00e4nzungen dieses Bestellformulars bed\u00fcrfen der Schriftform und m\u00fcssen von beiden Parteien unterzeichnet werden. Jegliche \u00c4nderungen oder Erg\u00e4nzungen m\u00fcssen auf das vorliegende Bestellformular verweisen. Dieses Bestellformular kann in mehreren Ausfertigungen unterzeichnet werden, von denen jede einzelne als Original gilt, die jedoch insgesamt ein und dasselbe Dokument darstellen. Die Parteien k\u00f6nnen die Unterschriftenseiten per Fax oder durch elektronische \u00dcbermittlung austauschen.<\/li><li>Der Kunde gew\u00e4hrt ownCloud hiermit ein nicht ausschlie\u00dfliches, auf die Laufzeit des mit diesem Bestellformular abgeschlossenen Vertrages befristetes Recht, den Namen und das Unternehmenslogo des Kunden im Kundenbereich der Website von ownCloud aufzuf\u00fchren und in der Kundenliste von ownCloud zu verwenden, sofern diese auch die Namen anderer Kunden von ownCloud enth\u00e4lt. Jegliche sonstige Verwendung des Namens, des Unternehmenslogos oder des Markenzeichens des Kunden durch ownCloud bedarf der vorherigen schriftlichen Zustimmung des Kunden.<\/li><li>Anwendbares Recht. Bei der Auslegung des mit diesem Bestellformular abgeschlossenen Vertrages findet deutsches Recht Anwendung, ungeachtet der Bestimmungen des Kollisionsrechts. Dieses Bestellformular oder darin vorgesehene Transaktionen unterliegen nicht dem \u00dcbereinkommen der Vereinten Nationen \u00fcber den Internationalen Warenkauf. Der Gerichtsstand ist N\u00fcrnberg.<\/li><li>Unabh\u00e4ngige Auftragnehmer; Drittbeg\u00fcnstigte. Die Parteien agieren im Rahmen des mit diesem Bestellformular abgeschlossenen Vertrages als unabh\u00e4ngige Auftragnehmer. Keine der beiden Parteien gilt als Angestellter, Vermittler, Partner, Franchisegeber, Franchisenehmer oder gesetzlicher Vertreter der anderen Partei, und keine der beiden Parteien ist berechtigt, befugt oder bevollm\u00e4chtigt, die andere Vertragspartei rechtlich in irgendeiner Weise zu verpflichten. Zu diesem Zweck kommen die Vertragsparteien ausdr\u00fccklich \u00fcberein, dass sich aus diesem Bestellformular keine Rechte zugunsten Dritter ergeben.<\/li><li>Mit Ausnahme eines \u00c4nderungsauftrags bedarf jegliche Mitteilung, die nach den Bestimmungen dieses Bestellformulars erforderlich bzw. zul\u00e4ssig oder gesetzlich vorgeschrieben ist, der Schriftform und muss (a) pers\u00f6nlich \u00fcberbracht, (b) von einem Kurierdienst (c) per Einschreiben an die oben auf diesem Bestellformular angegebene Anschrift zugestellt oder (d) per Fax \u00fcbermittelt werden.<\/li><li>Salvatorische Klausel; Verzichtserkl\u00e4rung. Wenn eine der Bestimmungen dieses Bestellformulars aus irgendeinem Grund als ung\u00fcltig oder nicht durchsetzbar gilt, bei entsprechender \u00c4nderung jedoch g\u00fcltig und durchsetzbar w\u00e4re, gilt diese Bestimmung mit der f\u00fcr ihre G\u00fcltigkeit und Durchsetzbarkeit erforderlichen \u00c4nderung. Ist eine entsprechende \u00c4nderung der Bestimmung nicht m\u00f6glich, sind sich die Vertragsparteien dar\u00fcber einig, dass die Ung\u00fcltigkeit dieser Bestimmung die G\u00fcltigkeit der \u00fcbrigen Bestimmungen des Bestellformulars nicht ber\u00fchrt. Die versp\u00e4tete oder unterlassene Aus\u00fcbung von Rechten aus diesem Vertrag seitens einer der Parteien ist nicht als Verzicht oder Verwirkung dieser Rechte auszulegen. Eine Verzichtserkl\u00e4rung bedarf der Schriftform und muss von einem bevollm\u00e4chtigten Vertreter der Partei unterzeichnet weden, gegen\u00fcber der der Verzicht durchgesetzt werden soll.<\/li><\/ul><\/li><li>Gew\u00e4hrleistung.<br \/>F\u00fcr die Software wird keine Haftung bez\u00fcglich M\u00e4ngel \u00fcbernommen, die dem Kunden bekannt sind oder in Folge grob fahrl\u00e4ssiger Unkenntnis bekannt sein m\u00fcssen.<\/li><li>Die Haftung von ownCloud wird unabh\u00e4ngig des Rechtsgrundes wie folgt \u00fcbernommen: ownCloud haftet uneingeschr\u00e4nkt: a) bei Vorsatz und grober Fahrl\u00e4ssigkeit, b) bei Verletzung von Leib und Leben, c) nach dem deutschen Produkthaftungsgesetz, d) bei einer entsprechenden Garantieerkl\u00e4rung durch ownCloud. F\u00fcr Vertragspflichten, die f\u00fcr die ordnungsgem\u00e4\u00dfe Erf\u00fcllung des Vertrags unabdingbar sind auf die der Kunde vertrauen durfte ist die Haftung f\u00fcr leichte Fahrl\u00e4ssigkeit auf vertragstypische und vorhersehbare Sch\u00e4den beschr\u00e4nkt. ownCloud \u00fcbernimmt unabh\u00e4ngig vom Rechtsgrund au\u00dfer den in den oben genannten F\u00e4llen im \u00dcbrigen keine Haftung.<\/li><li>Datenverlust.<br \/>Der Kunde ist f\u00fcr die Sicherung seiner Daten selbst veranwortlich. Die Haftung f\u00fcr Verlust von Daten ist in allen F\u00e4llen ausgeschlossen.<\/li><li>\u00c4nderungen.<br \/>ownCloud kann diese AGB jederzeit mit einer First von 30 Tagen gegen\u00fcber dem Vertragspartner ab\u00e4ndern. Bei einer Ablehnung durch den Vertragspartner bleiben die zuletzt g\u00fcltigen AGB bis zum Vertragsende g\u00fcltig. Durch die Ablehnung wird eine K\u00fcndigung des Vertragsverh\u00e4tlnisses zum n\u00e4chstm\u00f6glichen Zeitpunkt ausgel\u00f6st.<\/li><\/ol>\t\t\t\t\t\t\t\t<\/div>\n\t\t\t\t<\/div>\n\t\t\t\t\t<\/div>\n\t\t\t\t<\/div>\n\t\t\t\t<\/div>\n\t\t","protected":false},"excerpt":{"rendered":"<p>Allgemeine Gesch\u00e4ftsbedingungen (AGB) f\u00fcr ownCloud.online Wirkungsbereich Diese AGB gelten f\u00fcr alle Leistungen, Dienste und Services die von der ownCloud GmbH (ownCloud) als ownCloud Online vermarktet und angeboten werden Dieses Angebot richtet sich nur an Vollkaufleute und Unternehmen. Nicht an Verbraucher. Vertragsgegenstand Die ownCloud GmbH erm\u00f6glicht es dem Vertragspartner, sowie dessen Beauftragten ownCloud Online zu nutzen. [&hellip;]<\/p>\n","protected":false},"author":3,"featured_media":0,"parent":0,"menu_order":9,"comment_status":"closed","ping_status":"closed","template":"","meta":{"_acf_changed":false,"footnotes":""},"class_list":["post-2981","page","type-page","status-publish","hentry"],"acf":[],"yoast_head":"<!-- This site is optimized with the Yoast SEO plugin v27.2 - https:\/\/yoast.com\/product\/yoast-seo-wordpress\/ -->\n<title>Allgemeine Gesch\u00e4ftsbedingungen (AGB) f\u00fcr ownCloud.online - Cloud Storage made to trust - ownCloud.online<\/title>\n<meta name=\"description\" content=\"The most secure cloud storage for your business. Made in Germany. End-to-end encrypted file sharing and reliable synchronization. Try now 14 days for free!\" \/>\n<meta name=\"robots\" content=\"index, follow, max-snippet:-1, max-image-preview:large, max-video-preview:-1\" \/>\n<link rel=\"canonical\" href=\"https:\/\/owncloud.online\/de\/agb\/\" \/>\n<meta property=\"og:locale\" content=\"de_DE\" \/>\n<meta property=\"og:type\" content=\"article\" \/>\n<meta property=\"og:title\" content=\"Allgemeine Gesch\u00e4ftsbedingungen (AGB) f\u00fcr ownCloud.online - Cloud Storage made to trust - ownCloud.online\" \/>\n<meta property=\"og:description\" content=\"The most secure cloud storage for your business. Made in Germany. End-to-end encrypted file sharing and reliable synchronization. Try now 14 days for free!\" \/>\n<meta property=\"og:url\" content=\"https:\/\/owncloud.online\/de\/agb\/\" \/>\n<meta property=\"og:site_name\" content=\"Cloud Storage made to trust - ownCloud.online\" \/>\n<meta property=\"article:modified_time\" content=\"2026-02-25T10:09:56+00:00\" \/>\n<meta name=\"twitter:card\" content=\"summary_large_image\" \/>\n<meta name=\"twitter:label1\" content=\"Gesch\u00e4tzte Lesezeit\" \/>\n\t<meta name=\"twitter:data1\" content=\"10\u00a0Minuten\" \/>\n<script type=\"application\/ld+json\" class=\"yoast-schema-graph\">{\"@context\":\"https:\/\/schema.org\",\"@graph\":[{\"@type\":\"WebPage\",\"@id\":\"https:\/\/owncloud.online\/de\/agb\/\",\"url\":\"https:\/\/owncloud.online\/de\/agb\/\",\"name\":\"Allgemeine Gesch\u00e4ftsbedingungen (AGB) f\u00fcr ownCloud.online - Cloud Storage made to trust - ownCloud.online\",\"isPartOf\":{\"@id\":\"https:\/\/owncloud.online\/de\/#website\"},\"datePublished\":\"2023-08-07T12:13:27+00:00\",\"dateModified\":\"2026-02-25T10:09:56+00:00\",\"description\":\"The most secure cloud storage for your business. Made in Germany. End-to-end encrypted file sharing and reliable synchronization. Try now 14 days for free!\",\"breadcrumb\":{\"@id\":\"https:\/\/owncloud.online\/de\/agb\/#breadcrumb\"},\"inLanguage\":\"de\",\"potentialAction\":[{\"@type\":\"ReadAction\",\"target\":[\"https:\/\/owncloud.online\/de\/agb\/\"]}]},{\"@type\":\"BreadcrumbList\",\"@id\":\"https:\/\/owncloud.online\/de\/agb\/#breadcrumb\",\"itemListElement\":[{\"@type\":\"ListItem\",\"position\":1,\"name\":\"Home\",\"item\":\"https:\/\/owncloud.online\/de\/\"},{\"@type\":\"ListItem\",\"position\":2,\"name\":\"AGB\"}]},{\"@type\":\"WebSite\",\"@id\":\"https:\/\/owncloud.online\/de\/#website\",\"url\":\"https:\/\/owncloud.online\/de\/\",\"name\":\"Cloud Storage made to trust - ownCloud.online\",\"description\":\"Easy As I know it - Safe as never before\",\"publisher\":{\"@id\":\"https:\/\/owncloud.online\/de\/#organization\"},\"potentialAction\":[{\"@type\":\"SearchAction\",\"target\":{\"@type\":\"EntryPoint\",\"urlTemplate\":\"https:\/\/owncloud.online\/de\/?s={search_term_string}\"},\"query-input\":{\"@type\":\"PropertyValueSpecification\",\"valueRequired\":true,\"valueName\":\"search_term_string\"}}],\"inLanguage\":\"de\"},{\"@type\":\"Organization\",\"@id\":\"https:\/\/owncloud.online\/de\/#organization\",\"name\":\"Cloud Storage made to trust - ownCloud.online\",\"url\":\"https:\/\/owncloud.online\/de\/\",\"logo\":{\"@type\":\"ImageObject\",\"inLanguage\":\"de\",\"@id\":\"https:\/\/owncloud.online\/de\/#\/schema\/logo\/image\/\",\"url\":\"https:\/\/owncloud.online\/wp-content\/uploads\/2023\/08\/logo-ownCloud-online.svg\",\"contentUrl\":\"https:\/\/owncloud.online\/wp-content\/uploads\/2023\/08\/logo-ownCloud-online.svg\",\"caption\":\"Cloud Storage made to trust - ownCloud.online\"},\"image\":{\"@id\":\"https:\/\/owncloud.online\/de\/#\/schema\/logo\/image\/\"}}]}<\/script>\n<!-- \/ Yoast SEO plugin. -->","yoast_head_json":{"title":"Allgemeine Gesch\u00e4ftsbedingungen (AGB) f\u00fcr ownCloud.online - Cloud Storage made to trust - ownCloud.online","description":"The most secure cloud storage for your business. Made in Germany. End-to-end encrypted file sharing and reliable synchronization. Try now 14 days for free!","robots":{"index":"index","follow":"follow","max-snippet":"max-snippet:-1","max-image-preview":"max-image-preview:large","max-video-preview":"max-video-preview:-1"},"canonical":"https:\/\/owncloud.online\/de\/agb\/","og_locale":"de_DE","og_type":"article","og_title":"Allgemeine Gesch\u00e4ftsbedingungen (AGB) f\u00fcr ownCloud.online - Cloud Storage made to trust - ownCloud.online","og_description":"The most secure cloud storage for your business. Made in Germany. End-to-end encrypted file sharing and reliable synchronization. Try now 14 days for free!","og_url":"https:\/\/owncloud.online\/de\/agb\/","og_site_name":"Cloud Storage made to trust - ownCloud.online","article_modified_time":"2026-02-25T10:09:56+00:00","twitter_card":"summary_large_image","twitter_misc":{"Gesch\u00e4tzte Lesezeit":"10\u00a0Minuten"},"schema":{"@context":"https:\/\/schema.org","@graph":[{"@type":"WebPage","@id":"https:\/\/owncloud.online\/de\/agb\/","url":"https:\/\/owncloud.online\/de\/agb\/","name":"Allgemeine Gesch\u00e4ftsbedingungen (AGB) f\u00fcr ownCloud.online - Cloud Storage made to trust - ownCloud.online","isPartOf":{"@id":"https:\/\/owncloud.online\/de\/#website"},"datePublished":"2023-08-07T12:13:27+00:00","dateModified":"2026-02-25T10:09:56+00:00","description":"The most secure cloud storage for your business. Made in Germany. End-to-end encrypted file sharing and reliable synchronization. Try now 14 days for free!","breadcrumb":{"@id":"https:\/\/owncloud.online\/de\/agb\/#breadcrumb"},"inLanguage":"de","potentialAction":[{"@type":"ReadAction","target":["https:\/\/owncloud.online\/de\/agb\/"]}]},{"@type":"BreadcrumbList","@id":"https:\/\/owncloud.online\/de\/agb\/#breadcrumb","itemListElement":[{"@type":"ListItem","position":1,"name":"Home","item":"https:\/\/owncloud.online\/de\/"},{"@type":"ListItem","position":2,"name":"AGB"}]},{"@type":"WebSite","@id":"https:\/\/owncloud.online\/de\/#website","url":"https:\/\/owncloud.online\/de\/","name":"Cloud Storage made to trust - ownCloud.online","description":"Easy As I know it - Safe as never before","publisher":{"@id":"https:\/\/owncloud.online\/de\/#organization"},"potentialAction":[{"@type":"SearchAction","target":{"@type":"EntryPoint","urlTemplate":"https:\/\/owncloud.online\/de\/?s={search_term_string}"},"query-input":{"@type":"PropertyValueSpecification","valueRequired":true,"valueName":"search_term_string"}}],"inLanguage":"de"},{"@type":"Organization","@id":"https:\/\/owncloud.online\/de\/#organization","name":"Cloud Storage made to trust - ownCloud.online","url":"https:\/\/owncloud.online\/de\/","logo":{"@type":"ImageObject","inLanguage":"de","@id":"https:\/\/owncloud.online\/de\/#\/schema\/logo\/image\/","url":"https:\/\/owncloud.online\/wp-content\/uploads\/2023\/08\/logo-ownCloud-online.svg","contentUrl":"https:\/\/owncloud.online\/wp-content\/uploads\/2023\/08\/logo-ownCloud-online.svg","caption":"Cloud Storage made to trust - ownCloud.online"},"image":{"@id":"https:\/\/owncloud.online\/de\/#\/schema\/logo\/image\/"}}]}},"_links":{"self":[{"href":"https:\/\/owncloud.online\/de\/wp-json\/wp\/v2\/pages\/2981","targetHints":{"allow":["GET"]}}],"collection":[{"href":"https:\/\/owncloud.online\/de\/wp-json\/wp\/v2\/pages"}],"about":[{"href":"https:\/\/owncloud.online\/de\/wp-json\/wp\/v2\/types\/page"}],"author":[{"embeddable":true,"href":"https:\/\/owncloud.online\/de\/wp-json\/wp\/v2\/users\/3"}],"replies":[{"embeddable":true,"href":"https:\/\/owncloud.online\/de\/wp-json\/wp\/v2\/comments?post=2981"}],"version-history":[{"count":16,"href":"https:\/\/owncloud.online\/de\/wp-json\/wp\/v2\/pages\/2981\/revisions"}],"predecessor-version":[{"id":7761,"href":"https:\/\/owncloud.online\/de\/wp-json\/wp\/v2\/pages\/2981\/revisions\/7761"}],"wp:attachment":[{"href":"https:\/\/owncloud.online\/de\/wp-json\/wp\/v2\/media?parent=2981"}],"curies":[{"name":"wp","href":"https:\/\/api.w.org\/{rel}","templated":true}]}}