{"id":2950,"date":"2023-08-07T07:41:47","date_gmt":"2023-08-07T07:41:47","guid":{"rendered":"https:\/\/oosandbox.bw.tech\/zwei-faktor-authentifizierung\/"},"modified":"2026-03-06T11:30:57","modified_gmt":"2026-03-06T11:30:57","slug":"2-faktor-authentifizierung","status":"publish","type":"page","link":"https:\/\/owncloud.online\/de\/2-faktor-authentifizierung\/","title":{"rendered":"Zwei-Faktor-Authentifizierung"},"content":{"rendered":"\t\t<div data-elementor-type=\"wp-page\" data-elementor-id=\"2950\" class=\"elementor elementor-2950 elementor-43\" data-elementor-post-type=\"page\">\n\t\t\t\t<div class=\"elementor-element elementor-element-c82315b e-flex e-con-boxed e-con e-parent\" data-id=\"c82315b\" data-element_type=\"container\" data-e-type=\"container\">\n\t\t\t\t\t<div class=\"e-con-inner\">\n\t\t<div class=\"elementor-element elementor-element-d14f430 e-con-full e-flex e-con e-child\" data-id=\"d14f430\" data-element_type=\"container\" data-e-type=\"container\">\n\t\t\t\t<div class=\"elementor-element elementor-element-3f8f6a9 elementor-widget elementor-widget-heading\" data-id=\"3f8f6a9\" data-element_type=\"widget\" data-e-type=\"widget\" data-widget_type=\"heading.default\">\n\t\t\t\t<div class=\"elementor-widget-container\">\n\t\t\t\t\t<h2 class=\"elementor-heading-title elementor-size-default\">2-Faktor Authentifizierung<\/h2>\t\t\t\t<\/div>\n\t\t\t\t<\/div>\n\t\t\t\t<div class=\"elementor-element elementor-element-f23eca5 elementor-widget elementor-widget-text-editor\" data-id=\"f23eca5\" data-element_type=\"widget\" data-e-type=\"widget\" data-widget_type=\"text-editor.default\">\n\t\t\t\t<div class=\"elementor-widget-container\">\n\t\t\t\t\t\t\t\t\t<p>Die Zwei-Faktor-Authentifizierung (2FA) bietet eine zus\u00e4tzliche Sicherheitsebene f\u00fcr Ihr ownCloud.online Konto. Die erste Abfrage ist Ihr Kombination aus Benutzername\/E-Mail-Adresse und Passwort. Die zweite Schicht ist eine einmalige zeitbasierte Nummer, die von einer Drittanbieteranwendung generiert wird. Damit wird es f\u00fcr potentielle Angreifer wesentlich schwieriger Zugriff auf Ihre Daten zu erlangen.<\/p><p>Dies reduziert einen potentiellen Datenverlust oder Identit\u00e4tsdiebstahl drastisch.<\/p>\t\t\t\t\t\t\t\t<\/div>\n\t\t\t\t<\/div>\n\t\t\t\t<div class=\"elementor-element elementor-element-8a4bf89 elementor-widget-divider--view-line elementor-widget elementor-widget-divider\" data-id=\"8a4bf89\" data-element_type=\"widget\" data-e-type=\"widget\" data-widget_type=\"divider.default\">\n\t\t\t\t<div class=\"elementor-widget-container\">\n\t\t\t\t\t\t\t<div class=\"elementor-divider\">\n\t\t\t<span class=\"elementor-divider-separator\">\n\t\t\t\t\t\t<\/span>\n\t\t<\/div>\n\t\t\t\t\t\t<\/div>\n\t\t\t\t<\/div>\n\t\t\t\t<div class=\"elementor-element elementor-element-f280fde elementor-widget elementor-widget-html\" data-id=\"f280fde\" data-element_type=\"widget\" data-e-type=\"widget\" data-widget_type=\"html.default\">\n\t\t\t\t<div class=\"elementor-widget-container\">\n\t\t\t\t\t<div class=\"oc-tutorial\">\n  \n  <div class=\"oc-slide active\">\n    <img decoding=\"async\" src=\"https:\/\/owncloud.online\/wp-content\/uploads\/2023\/08\/ownCloud-online-two-factor-authentication-step-1.jpg\" alt=\"Schritt 1\" \/>\n    <div class=\"oc-caption\">\n      <p>Um die Zwei-Faktor-Authentifizierung zu aktivieren, klicken Sie auf Ihren Benutzernamen in der rechten oberen Ecke und w\u00e4hlen Sie \u201eEinstellungen\" (1).<\/p>\n      <div class=\"oc-caption-buttons\">\n        <button class=\"oc-prev\" style=\"visibility:hidden\">\u2039 Zur\u00fcck<\/button>\n        <button class=\"oc-next\">Weiter<\/button>\n      <\/div>\n    <\/div>\n  <\/div>\n\n  <div class=\"oc-slide\">\n    <img decoding=\"async\" src=\"https:\/\/owncloud.online\/wp-content\/uploads\/2023\/08\/ownCloud-online-two-factor-authentication-step-2.jpg\" alt=\"Schritt 2\" \/>\n    <div class=\"oc-caption\">\n      <p>Klicken Sie auf \u201eSicherheit\" (2) und aktivieren Sie die Checkbox \u201eTOTP aktivieren\" (3). Scannen Sie mit Ihrer Authenticator-App (z.B. Google Authenticator oder Alternativen) den Barcode, um ownCloud.online zu Ihrer Liste der Einmalpassw\u00f6rter hinzuzuf\u00fcgen. Geben Sie ein generiertes Einmalpasswort in das Textfeld (4) ein und klicken Sie auf \u201eVerifizieren\". Die Einrichtung ist damit abgeschlossen.<\/p>\n      <div class=\"oc-caption-buttons\">\n        <button class=\"oc-prev\">\u2039 Zur\u00fcck<\/button>\n        <button class=\"oc-next\">Weiter<\/button>\n      <\/div>\n    <\/div>\n  <\/div>\n\n  <div class=\"oc-slide\">\n    <img decoding=\"async\" src=\"https:\/\/owncloud.online\/wp-content\/uploads\/2023\/08\/ownCloud-online-two-factor-authentication-step-3.jpg\" alt=\"Schritt 3\" \/>\n    <div class=\"oc-caption\">\n      <p>Wenn Sie sich das n\u00e4chste Mal \u00fcber das Webinterface anmelden, werden Sie aufgefordert, ein Einmalpasswort einzugeben. Geben Sie dazu ein generiertes Passwort aus Ihrer Authenticator-App ein (5) und klicken Sie auf \u201eVerifizieren\". Damit sind Sie eingeloggt.<\/p>\n      <div class=\"oc-caption-buttons\">\n        <button class=\"oc-prev\">\u2039 Zur\u00fcck<\/button>\n        <span><\/span>\n      <\/div>\n    <\/div>\n  <\/div>\n\n<\/div>\n\n<style>\n.oc-tutorial { max-width: 100%; }\n.oc-slide { display: none; }\n.oc-slide.active { display: block; }\n\n.oc-slide > img { width: 100%; display: block; border-radius: 6px 6px 0 0; }\n.oc-caption {\n  background: #6b8fa3;\n  color: #fff;\n  padding: 20px 24px;\n  border-radius: 0 0 6px 6px;\n  display: flex;\n  flex-direction: column;\n  align-items: flex-start;\n  gap: 12px;\n}\n.oc-caption p { margin: 0; font-size: 15px; }\n.oc-caption-buttons {\n  display: flex;\n  justify-content: space-between;\n  width: 100%;\n}\n.oc-next, .oc-prev {\n  background: none; border: none; color: #fff;\n  font-size: 15px; cursor: pointer; white-space: nowrap; padding: 0;\n}\n.oc-next:hover, .oc-prev:hover { text-decoration: underline; }\n<\/style>\n\n<script>\ndocument.querySelectorAll('.oc-next').forEach(function(btn) {\n  btn.addEventListener('click', function() {\n    var current = this.closest('.oc-slide');\n    var next = current.nextElementSibling;\n    if (next) { current.classList.remove('active'); next.classList.add('active'); }\n  });\n});\n\ndocument.querySelectorAll('.oc-prev').forEach(function(btn) {\n  btn.addEventListener('click', function() {\n    var current = this.closest('.oc-slide');\n    var prev = current.previousElementSibling;\n    if (prev) { current.classList.remove('active'); prev.classList.add('active'); }\n  });\n});\n<\/script>\t\t\t\t<\/div>\n\t\t\t\t<\/div>\n\t\t\t\t<\/div>\n\t\t\t\t<div class=\"elementor-element elementor-element-0df0981 elementor-widget-divider--view-line elementor-widget elementor-widget-divider\" data-id=\"0df0981\" data-element_type=\"widget\" data-e-type=\"widget\" data-widget_type=\"divider.default\">\n\t\t\t\t<div class=\"elementor-widget-container\">\n\t\t\t\t\t\t\t<div class=\"elementor-divider\">\n\t\t\t<span class=\"elementor-divider-separator\">\n\t\t\t\t\t\t<\/span>\n\t\t<\/div>\n\t\t\t\t\t\t<\/div>\n\t\t\t\t<\/div>\n\t\t<div class=\"elementor-element elementor-element-5668dc7 e-con-full e-flex e-con e-child\" data-id=\"5668dc7\" data-element_type=\"container\" data-e-type=\"container\">\n\t\t<div class=\"elementor-element elementor-element-32fc07a e-flex e-con-boxed e-con e-child\" data-id=\"32fc07a\" data-element_type=\"container\" data-e-type=\"container\">\n\t\t\t\t\t<div class=\"e-con-inner\">\n\t\t<div class=\"elementor-element elementor-element-1726b33 e-flex e-con-boxed e-con e-child\" data-id=\"1726b33\" data-element_type=\"container\" data-e-type=\"container\">\n\t\t\t\t\t<div class=\"e-con-inner\">\n\t\t\t\t<div class=\"elementor-element elementor-element-cfa9c4c elementor-widget elementor-widget-heading\" data-id=\"cfa9c4c\" data-element_type=\"widget\" data-e-type=\"widget\" data-widget_type=\"heading.default\">\n\t\t\t\t<div class=\"elementor-widget-container\">\n\t\t\t\t\t<h2 class=\"elementor-heading-title elementor-size-default\">Machen Sie Ihre Cloud sicherer<\/h2>\t\t\t\t<\/div>\n\t\t\t\t<\/div>\n\t\t\t\t<div class=\"elementor-element elementor-element-1a98f39 elementor-widget elementor-widget-text-editor\" data-id=\"1a98f39\" data-element_type=\"widget\" data-e-type=\"widget\" data-widget_type=\"text-editor.default\">\n\t\t\t\t<div class=\"elementor-widget-container\">\n\t\t\t\t\t\t\t\t\t<p>Die Zwei-Faktor-Authentifizierung kann eine wichtige Rolle bei der Absicherung Ihres Kontos spielen. Systematische\u00a0 Angriffe werden damit blockiert.<\/p><p>Dazu geh\u00f6ren Brute-Force- und Dictionary-Angriffe, bei denen T\u00e4ter mit automatisierter Software Benutzername-Passwort-Kombinationen erzeugen, um so die Anmeldeinformationen eines Benutzers zu erraten.<\/p><p>Mit aktivierte 2-Faktor-Authentifizierung laufen diese Bem\u00fchungen ins Leere \u2013 selbst dann, wenn die T\u00e4ter tats\u00e4chlich das Passwort eines Benutzers entdecken sollten. Da der zweite Faktor zur Anmeldung fehlt ist ein Login niht m\u00f6glich und unerw\u00fcnschte Anmeldungen sind verhindert. Ihre Cloud und die darin gespeicherten Daten sind sicher.<\/p>\t\t\t\t\t\t\t\t<\/div>\n\t\t\t\t<\/div>\n\t\t\t\t\t<\/div>\n\t\t\t\t<\/div>\n\t\t<div class=\"elementor-element elementor-element-2512aa7 e-flex e-con-boxed e-con e-child\" data-id=\"2512aa7\" data-element_type=\"container\" data-e-type=\"container\">\n\t\t\t\t\t<div class=\"e-con-inner\">\n\t\t<div class=\"elementor-element elementor-element-c837e1b e-flex e-con-boxed e-con e-child\" data-id=\"c837e1b\" data-element_type=\"container\" data-e-type=\"container\">\n\t\t\t\t\t<div class=\"e-con-inner\">\n\t\t\t\t<div class=\"elementor-element elementor-element-fe710f7 elementor-widget elementor-widget-image\" data-id=\"fe710f7\" data-element_type=\"widget\" data-e-type=\"widget\" data-widget_type=\"image.default\">\n\t\t\t\t<div class=\"elementor-widget-container\">\n\t\t\t\t\t\t\t\t\t\t\t\t\t\t\t<img fetchpriority=\"high\" decoding=\"async\" width=\"800\" height=\"800\" src=\"https:\/\/owncloud.online\/wp-content\/uploads\/2023\/08\/ownCloud-online-two-factor-authentication-1024x1024.jpg\" class=\"attachment-large size-large wp-image-2300\" alt=\"\" srcset=\"https:\/\/owncloud.online\/wp-content\/uploads\/2023\/08\/ownCloud-online-two-factor-authentication-1024x1024.jpg 1024w, https:\/\/owncloud.online\/wp-content\/uploads\/2023\/08\/ownCloud-online-two-factor-authentication-300x300.jpg 300w, https:\/\/owncloud.online\/wp-content\/uploads\/2023\/08\/ownCloud-online-two-factor-authentication-150x150.jpg 150w, https:\/\/owncloud.online\/wp-content\/uploads\/2023\/08\/ownCloud-online-two-factor-authentication-768x768.jpg 768w, https:\/\/owncloud.online\/wp-content\/uploads\/2023\/08\/ownCloud-online-two-factor-authentication-1536x1536.jpg 1536w, https:\/\/owncloud.online\/wp-content\/uploads\/2023\/08\/ownCloud-online-two-factor-authentication.jpg 1600w\" sizes=\"(max-width: 800px) 100vw, 800px\" \/>\t\t\t\t\t\t\t\t\t\t\t\t\t\t\t<\/div>\n\t\t\t\t<\/div>\n\t\t\t\t\t<\/div>\n\t\t\t\t<\/div>\n\t\t\t\t\t<\/div>\n\t\t\t\t<\/div>\n\t\t\t\t\t<\/div>\n\t\t\t\t<\/div>\n\t\t\t\t<\/div>\n\t\t\t\t\t<\/div>\n\t\t\t\t<\/div>\n\t\t\t\t<\/div>\n\t\t","protected":false},"excerpt":{"rendered":"<p>2-Faktor Authentifizierung Die Zwei-Faktor-Authentifizierung (2FA) bietet eine zus\u00e4tzliche Sicherheitsebene f\u00fcr Ihr ownCloud.online Konto. Die erste Abfrage ist Ihr Kombination aus Benutzername\/E-Mail-Adresse und Passwort. Die zweite Schicht ist eine einmalige zeitbasierte Nummer, die von einer Drittanbieteranwendung generiert wird. Damit wird es f\u00fcr potentielle Angreifer wesentlich schwieriger Zugriff auf Ihre Daten zu erlangen. Dies reduziert einen potentiellen [&hellip;]<\/p>\n","protected":false},"author":3,"featured_media":0,"parent":0,"menu_order":22,"comment_status":"closed","ping_status":"closed","template":"","meta":{"_acf_changed":false,"footnotes":""},"class_list":["post-2950","page","type-page","status-publish","hentry"],"acf":[],"yoast_head":"<!-- This site is optimized with the Yoast SEO plugin v27.2 - https:\/\/yoast.com\/product\/yoast-seo-wordpress\/ -->\n<title>Zwei-Faktor-Authentifizierung - Cloud Storage made to trust - ownCloud.online<\/title>\n<meta name=\"description\" content=\"Ende-zu-Ende-Verschl\u00fcsseltes Teilen und Synchronisieren von Dateien. Sicherer Cloud-Storage f\u00fcr Ihr Unternehmen. Jetzt 30 Tage kostenlos testen!\" \/>\n<meta name=\"robots\" content=\"index, follow, max-snippet:-1, max-image-preview:large, max-video-preview:-1\" \/>\n<link rel=\"canonical\" href=\"https:\/\/owncloud.online\/de\/2-faktor-authentifizierung\/\" \/>\n<meta property=\"og:locale\" content=\"de_DE\" \/>\n<meta property=\"og:type\" content=\"article\" \/>\n<meta property=\"og:title\" content=\"Zwei-Faktor-Authentifizierung - Cloud Storage made to trust - ownCloud.online\" \/>\n<meta property=\"og:description\" content=\"Ende-zu-Ende-Verschl\u00fcsseltes Teilen und Synchronisieren von Dateien. Sicherer Cloud-Storage f\u00fcr Ihr Unternehmen. Jetzt 30 Tage kostenlos testen!\" \/>\n<meta property=\"og:url\" content=\"https:\/\/owncloud.online\/de\/2-faktor-authentifizierung\/\" \/>\n<meta property=\"og:site_name\" content=\"Cloud Storage made to trust - ownCloud.online\" \/>\n<meta property=\"article:modified_time\" content=\"2026-03-06T11:30:57+00:00\" \/>\n<meta property=\"og:image\" content=\"https:\/\/owncloud.online\/wp-content\/uploads\/2023\/08\/ownCloud-online-two-factor-authentication-step-1.jpg\" \/>\n<meta name=\"twitter:card\" content=\"summary_large_image\" \/>\n<meta name=\"twitter:label1\" content=\"Gesch\u00e4tzte Lesezeit\" \/>\n\t<meta name=\"twitter:data1\" content=\"3\u00a0Minuten\" \/>\n<script type=\"application\/ld+json\" class=\"yoast-schema-graph\">{\"@context\":\"https:\/\/schema.org\",\"@graph\":[{\"@type\":\"WebPage\",\"@id\":\"https:\/\/owncloud.online\/de\/2-faktor-authentifizierung\/\",\"url\":\"https:\/\/owncloud.online\/de\/2-faktor-authentifizierung\/\",\"name\":\"Zwei-Faktor-Authentifizierung - Cloud Storage made to trust - ownCloud.online\",\"isPartOf\":{\"@id\":\"https:\/\/owncloud.online\/de\/#website\"},\"primaryImageOfPage\":{\"@id\":\"https:\/\/owncloud.online\/de\/2-faktor-authentifizierung\/#primaryimage\"},\"image\":{\"@id\":\"https:\/\/owncloud.online\/de\/2-faktor-authentifizierung\/#primaryimage\"},\"thumbnailUrl\":\"https:\/\/owncloud.online\/wp-content\/uploads\/2023\/08\/ownCloud-online-two-factor-authentication-step-1.jpg\",\"datePublished\":\"2023-08-07T07:41:47+00:00\",\"dateModified\":\"2026-03-06T11:30:57+00:00\",\"description\":\"Ende-zu-Ende-Verschl\u00fcsseltes Teilen und Synchronisieren von Dateien. Sicherer Cloud-Storage f\u00fcr Ihr Unternehmen. Jetzt 30 Tage kostenlos testen!\",\"breadcrumb\":{\"@id\":\"https:\/\/owncloud.online\/de\/2-faktor-authentifizierung\/#breadcrumb\"},\"inLanguage\":\"de\",\"potentialAction\":[{\"@type\":\"ReadAction\",\"target\":[\"https:\/\/owncloud.online\/de\/2-faktor-authentifizierung\/\"]}]},{\"@type\":\"ImageObject\",\"inLanguage\":\"de\",\"@id\":\"https:\/\/owncloud.online\/de\/2-faktor-authentifizierung\/#primaryimage\",\"url\":\"https:\/\/owncloud.online\/wp-content\/uploads\/2023\/08\/ownCloud-online-two-factor-authentication-step-1.jpg\",\"contentUrl\":\"https:\/\/owncloud.online\/wp-content\/uploads\/2023\/08\/ownCloud-online-two-factor-authentication-step-1.jpg\"},{\"@type\":\"BreadcrumbList\",\"@id\":\"https:\/\/owncloud.online\/de\/2-faktor-authentifizierung\/#breadcrumb\",\"itemListElement\":[{\"@type\":\"ListItem\",\"position\":1,\"name\":\"Home\",\"item\":\"https:\/\/owncloud.online\/de\/\"},{\"@type\":\"ListItem\",\"position\":2,\"name\":\"Zwei-Faktor-Authentifizierung\"}]},{\"@type\":\"WebSite\",\"@id\":\"https:\/\/owncloud.online\/de\/#website\",\"url\":\"https:\/\/owncloud.online\/de\/\",\"name\":\"Cloud Storage made to trust - ownCloud.online\",\"description\":\"Easy As I know it - Safe as never before\",\"publisher\":{\"@id\":\"https:\/\/owncloud.online\/de\/#organization\"},\"potentialAction\":[{\"@type\":\"SearchAction\",\"target\":{\"@type\":\"EntryPoint\",\"urlTemplate\":\"https:\/\/owncloud.online\/de\/?s={search_term_string}\"},\"query-input\":{\"@type\":\"PropertyValueSpecification\",\"valueRequired\":true,\"valueName\":\"search_term_string\"}}],\"inLanguage\":\"de\"},{\"@type\":\"Organization\",\"@id\":\"https:\/\/owncloud.online\/de\/#organization\",\"name\":\"Cloud Storage made to trust - ownCloud.online\",\"url\":\"https:\/\/owncloud.online\/de\/\",\"logo\":{\"@type\":\"ImageObject\",\"inLanguage\":\"de\",\"@id\":\"https:\/\/owncloud.online\/de\/#\/schema\/logo\/image\/\",\"url\":\"https:\/\/owncloud.online\/wp-content\/uploads\/2023\/08\/logo-ownCloud-online.svg\",\"contentUrl\":\"https:\/\/owncloud.online\/wp-content\/uploads\/2023\/08\/logo-ownCloud-online.svg\",\"caption\":\"Cloud Storage made to trust - ownCloud.online\"},\"image\":{\"@id\":\"https:\/\/owncloud.online\/de\/#\/schema\/logo\/image\/\"}}]}<\/script>\n<!-- \/ Yoast SEO plugin. -->","yoast_head_json":{"title":"Zwei-Faktor-Authentifizierung - Cloud Storage made to trust - ownCloud.online","description":"Ende-zu-Ende-Verschl\u00fcsseltes Teilen und Synchronisieren von Dateien. Sicherer Cloud-Storage f\u00fcr Ihr Unternehmen. Jetzt 30 Tage kostenlos testen!","robots":{"index":"index","follow":"follow","max-snippet":"max-snippet:-1","max-image-preview":"max-image-preview:large","max-video-preview":"max-video-preview:-1"},"canonical":"https:\/\/owncloud.online\/de\/2-faktor-authentifizierung\/","og_locale":"de_DE","og_type":"article","og_title":"Zwei-Faktor-Authentifizierung - Cloud Storage made to trust - ownCloud.online","og_description":"Ende-zu-Ende-Verschl\u00fcsseltes Teilen und Synchronisieren von Dateien. Sicherer Cloud-Storage f\u00fcr Ihr Unternehmen. Jetzt 30 Tage kostenlos testen!","og_url":"https:\/\/owncloud.online\/de\/2-faktor-authentifizierung\/","og_site_name":"Cloud Storage made to trust - ownCloud.online","article_modified_time":"2026-03-06T11:30:57+00:00","og_image":[{"url":"https:\/\/owncloud.online\/wp-content\/uploads\/2023\/08\/ownCloud-online-two-factor-authentication-step-1.jpg","type":"","width":"","height":""}],"twitter_card":"summary_large_image","twitter_misc":{"Gesch\u00e4tzte Lesezeit":"3\u00a0Minuten"},"schema":{"@context":"https:\/\/schema.org","@graph":[{"@type":"WebPage","@id":"https:\/\/owncloud.online\/de\/2-faktor-authentifizierung\/","url":"https:\/\/owncloud.online\/de\/2-faktor-authentifizierung\/","name":"Zwei-Faktor-Authentifizierung - Cloud Storage made to trust - ownCloud.online","isPartOf":{"@id":"https:\/\/owncloud.online\/de\/#website"},"primaryImageOfPage":{"@id":"https:\/\/owncloud.online\/de\/2-faktor-authentifizierung\/#primaryimage"},"image":{"@id":"https:\/\/owncloud.online\/de\/2-faktor-authentifizierung\/#primaryimage"},"thumbnailUrl":"https:\/\/owncloud.online\/wp-content\/uploads\/2023\/08\/ownCloud-online-two-factor-authentication-step-1.jpg","datePublished":"2023-08-07T07:41:47+00:00","dateModified":"2026-03-06T11:30:57+00:00","description":"Ende-zu-Ende-Verschl\u00fcsseltes Teilen und Synchronisieren von Dateien. Sicherer Cloud-Storage f\u00fcr Ihr Unternehmen. Jetzt 30 Tage kostenlos testen!","breadcrumb":{"@id":"https:\/\/owncloud.online\/de\/2-faktor-authentifizierung\/#breadcrumb"},"inLanguage":"de","potentialAction":[{"@type":"ReadAction","target":["https:\/\/owncloud.online\/de\/2-faktor-authentifizierung\/"]}]},{"@type":"ImageObject","inLanguage":"de","@id":"https:\/\/owncloud.online\/de\/2-faktor-authentifizierung\/#primaryimage","url":"https:\/\/owncloud.online\/wp-content\/uploads\/2023\/08\/ownCloud-online-two-factor-authentication-step-1.jpg","contentUrl":"https:\/\/owncloud.online\/wp-content\/uploads\/2023\/08\/ownCloud-online-two-factor-authentication-step-1.jpg"},{"@type":"BreadcrumbList","@id":"https:\/\/owncloud.online\/de\/2-faktor-authentifizierung\/#breadcrumb","itemListElement":[{"@type":"ListItem","position":1,"name":"Home","item":"https:\/\/owncloud.online\/de\/"},{"@type":"ListItem","position":2,"name":"Zwei-Faktor-Authentifizierung"}]},{"@type":"WebSite","@id":"https:\/\/owncloud.online\/de\/#website","url":"https:\/\/owncloud.online\/de\/","name":"Cloud Storage made to trust - ownCloud.online","description":"Easy As I know it - Safe as never before","publisher":{"@id":"https:\/\/owncloud.online\/de\/#organization"},"potentialAction":[{"@type":"SearchAction","target":{"@type":"EntryPoint","urlTemplate":"https:\/\/owncloud.online\/de\/?s={search_term_string}"},"query-input":{"@type":"PropertyValueSpecification","valueRequired":true,"valueName":"search_term_string"}}],"inLanguage":"de"},{"@type":"Organization","@id":"https:\/\/owncloud.online\/de\/#organization","name":"Cloud Storage made to trust - ownCloud.online","url":"https:\/\/owncloud.online\/de\/","logo":{"@type":"ImageObject","inLanguage":"de","@id":"https:\/\/owncloud.online\/de\/#\/schema\/logo\/image\/","url":"https:\/\/owncloud.online\/wp-content\/uploads\/2023\/08\/logo-ownCloud-online.svg","contentUrl":"https:\/\/owncloud.online\/wp-content\/uploads\/2023\/08\/logo-ownCloud-online.svg","caption":"Cloud Storage made to trust - ownCloud.online"},"image":{"@id":"https:\/\/owncloud.online\/de\/#\/schema\/logo\/image\/"}}]}},"_links":{"self":[{"href":"https:\/\/owncloud.online\/de\/wp-json\/wp\/v2\/pages\/2950","targetHints":{"allow":["GET"]}}],"collection":[{"href":"https:\/\/owncloud.online\/de\/wp-json\/wp\/v2\/pages"}],"about":[{"href":"https:\/\/owncloud.online\/de\/wp-json\/wp\/v2\/types\/page"}],"author":[{"embeddable":true,"href":"https:\/\/owncloud.online\/de\/wp-json\/wp\/v2\/users\/3"}],"replies":[{"embeddable":true,"href":"https:\/\/owncloud.online\/de\/wp-json\/wp\/v2\/comments?post=2950"}],"version-history":[{"count":50,"href":"https:\/\/owncloud.online\/de\/wp-json\/wp\/v2\/pages\/2950\/revisions"}],"predecessor-version":[{"id":8246,"href":"https:\/\/owncloud.online\/de\/wp-json\/wp\/v2\/pages\/2950\/revisions\/8246"}],"wp:attachment":[{"href":"https:\/\/owncloud.online\/de\/wp-json\/wp\/v2\/media?parent=2950"}],"curies":[{"name":"wp","href":"https:\/\/api.w.org\/{rel}","templated":true}]}}